{"id":7,"date":"2025-12-09T14:47:57","date_gmt":"2025-12-09T13:47:57","guid":{"rendered":"https:\/\/sitedev.ecirtp.fr\/?page_id=7"},"modified":"2025-12-17T14:53:07","modified_gmt":"2025-12-17T13:53:07","slug":"actualites","status":"publish","type":"page","link":"https:\/\/sitedev.ecirtp.fr\/index.php\/actualites\/","title":{"rendered":"Actualit\u00e9s"},"content":{"rendered":"\n\t\t\t<div class=\"wp-block-uagb-post-carousel uagb-post-grid  uagb-post__image-position-top uagb-post__image-enabled uagb-block-112f2d29     uagb-post__arrow-outside uagb-slick-carousel uagb-post__items uagb-post__columns-3 is-carousel uagb-post__columns-tablet-2 uagb-post__columns-mobile-1\" data-total=\"1\" style=\"\">\n\n\t\t\t\t\t\t\t\t\t\t\t\t<article class=\"uagb-post__inner-wrap\">\t\t\t\t\t\t\t\t<div class='uagb-post__image'>\n\t\t\t\t\t\t\t\t\t<a href=\"https:\/\/sitedev.ecirtp.fr\/index.php\/2025\/12\/17\/dis-camion\/\" target=\"_self\" rel=\"bookmark noopener noreferrer\"><img loading=\"lazy\" decoding=\"async\" width=\"800\" height=\"600\" src=\"https:\/\/sitedev.ecirtp.fr\/wp-content\/uploads\/2025\/12\/actu6jpg.jpg\" class=\"attachment-large size-large\" alt=\"\" srcset=\"https:\/\/sitedev.ecirtp.fr\/wp-content\/uploads\/2025\/12\/actu6jpg.jpg 800w, https:\/\/sitedev.ecirtp.fr\/wp-content\/uploads\/2025\/12\/actu6jpg-300x225.jpg 300w, https:\/\/sitedev.ecirtp.fr\/wp-content\/uploads\/2025\/12\/actu6jpg-768x576.jpg 768w\" sizes=\"auto, (max-width: 800px) 100vw, 800px\" \/>\t\t\t\t\t<\/a>\n\t\t\t\t\t\t\t\t\t<\/div>\n\t\t\t\t\t\t<h4 class=\"uagb-post__title uagb-post__text\">\n\t\t\t\t<a href=\"https:\/\/sitedev.ecirtp.fr\/index.php\/2025\/12\/17\/dis-camion\/\" target=\"_self\" rel=\"bookmark noopener noreferrer\">Dis Camion &#8230;<\/a>\n\t\t\t<\/h4>\n\t\t\t\t\t\t<div class='uagb-post__text uagb-post-grid-byline'>\n\t\t\t\t\t\t\t\t<time datetime=\"2025-12-17T13:01:58+01:00\" class=\"uagb-post__date\">\n\t\t\t\t<span class=\"dashicons-calendar dashicons\"><\/span>\t\t\t\t\t17 d\u00e9cembre 2025\t\t\t\t<\/time>\n\t\t\t\t\t\t\t<span class=\"uagb-post__comment\">\n\t\t\t\t<span class=\"dashicons-admin-comments dashicons\"><\/span>\t\t\t\t\tAucun commentaire\t\t\t\t<\/span>\n\t\t\t\t\t\t<\/div>\n\t\t\t\t\t\t\t<div class='uagb-post__text uagb-post__excerpt'>\n\t\t\t\t\t<p>L\u2019\u00e9quipe de l\u2019ECIR est pr\u00e9sente aujourd\u2019hui \u00e0 Marseille au forum d\u00e9partemental de l\u2019emploi pour vous&#8230;\t\t\t\t<\/div>\n\t\t\t\t\t\t<div class=\"uagb-post__text uagb-post__cta wp-block-button\">\n\t\t\t\t<a class=\"wp-block-button__link uagb-text-link\" style=\"\" href=\"https:\/\/sitedev.ecirtp.fr\/index.php\/2025\/12\/17\/dis-camion\/\" target=\"_self\" rel=\"bookmark noopener noreferrer\">Lire la suite<\/a>\n\t\t\t<\/div>\n\t\t\t\n\t\t\t\t\t\t\t\t\t<\/article>\n\t\t\t\t\t\t\t\t\t\t\t\t\t\t\t\t<article class=\"uagb-post__inner-wrap\">\t\t\t\t\t\t\t\t<div class='uagb-post__image'>\n\t\t\t\t\t\t\t\t\t<a href=\"https:\/\/sitedev.ecirtp.fr\/index.php\/2025\/12\/17\/formation-grue-mobile-a-fleche-a-treillis-cat-a\/\" target=\"_self\" rel=\"bookmark noopener noreferrer\"><img loading=\"lazy\" decoding=\"async\" width=\"800\" height=\"800\" src=\"https:\/\/sitedev.ecirtp.fr\/wp-content\/uploads\/2025\/12\/actu5jpg.jpg\" class=\"attachment-large size-large\" alt=\"\" srcset=\"https:\/\/sitedev.ecirtp.fr\/wp-content\/uploads\/2025\/12\/actu5jpg.jpg 800w, https:\/\/sitedev.ecirtp.fr\/wp-content\/uploads\/2025\/12\/actu5jpg-300x300.jpg 300w, https:\/\/sitedev.ecirtp.fr\/wp-content\/uploads\/2025\/12\/actu5jpg-150x150.jpg 150w, https:\/\/sitedev.ecirtp.fr\/wp-content\/uploads\/2025\/12\/actu5jpg-768x768.jpg 768w\" sizes=\"auto, (max-width: 800px) 100vw, 800px\" \/>\t\t\t\t\t<\/a>\n\t\t\t\t\t\t\t\t\t<\/div>\n\t\t\t\t\t\t<h4 class=\"uagb-post__title uagb-post__text\">\n\t\t\t\t<a href=\"https:\/\/sitedev.ecirtp.fr\/index.php\/2025\/12\/17\/formation-grue-mobile-a-fleche-a-treillis-cat-a\/\" target=\"_self\" rel=\"bookmark noopener noreferrer\">FORMATION Grue mobile \u00e0 fl\u00e8che \u00e0 treillis CAT.A<\/a>\n\t\t\t<\/h4>\n\t\t\t\t\t\t<div class='uagb-post__text uagb-post-grid-byline'>\n\t\t\t\t\t\t\t\t<time datetime=\"2025-12-17T13:00:41+01:00\" class=\"uagb-post__date\">\n\t\t\t\t<span class=\"dashicons-calendar dashicons\"><\/span>\t\t\t\t\t17 d\u00e9cembre 2025\t\t\t\t<\/time>\n\t\t\t\t\t\t\t<span class=\"uagb-post__comment\">\n\t\t\t\t<span class=\"dashicons-admin-comments dashicons\"><\/span>\t\t\t\t\tAucun commentaire\t\t\t\t<\/span>\n\t\t\t\t\t\t<\/div>\n\t\t\t\t\t\t\t<div class='uagb-post__text uagb-post__excerpt'>\n\t\t\t\t\t<p>Formation Initiale Grue Mobile \u00e0 fl\u00e8che \u00e0 treillis (R483)Il reste seulement une place disponible du&#8230;\t\t\t\t<\/div>\n\t\t\t\t\t\t<div class=\"uagb-post__text uagb-post__cta wp-block-button\">\n\t\t\t\t<a class=\"wp-block-button__link uagb-text-link\" style=\"\" href=\"https:\/\/sitedev.ecirtp.fr\/index.php\/2025\/12\/17\/formation-grue-mobile-a-fleche-a-treillis-cat-a\/\" target=\"_self\" rel=\"bookmark noopener noreferrer\">Lire la suite<\/a>\n\t\t\t<\/div>\n\t\t\t\n\t\t\t\t\t\t\t\t\t<\/article>\n\t\t\t\t\t\t\t\t\t\t\t\t\t\t\t\t<article class=\"uagb-post__inner-wrap\">\t\t\t\t\t\t\t\t<div class='uagb-post__image'>\n\t\t\t\t\t\t\t\t\t<a href=\"https:\/\/sitedev.ecirtp.fr\/index.php\/2025\/12\/17\/forum-decouverte-des-metiers\/\" target=\"_self\" rel=\"bookmark noopener noreferrer\"><img loading=\"lazy\" decoding=\"async\" width=\"800\" height=\"800\" src=\"https:\/\/sitedev.ecirtp.fr\/wp-content\/uploads\/2025\/12\/actu3jpg.jpg\" class=\"attachment-large size-large\" alt=\"\" srcset=\"https:\/\/sitedev.ecirtp.fr\/wp-content\/uploads\/2025\/12\/actu3jpg.jpg 800w, https:\/\/sitedev.ecirtp.fr\/wp-content\/uploads\/2025\/12\/actu3jpg-300x300.jpg 300w, https:\/\/sitedev.ecirtp.fr\/wp-content\/uploads\/2025\/12\/actu3jpg-150x150.jpg 150w, https:\/\/sitedev.ecirtp.fr\/wp-content\/uploads\/2025\/12\/actu3jpg-768x768.jpg 768w\" sizes=\"auto, (max-width: 800px) 100vw, 800px\" \/>\t\t\t\t\t<\/a>\n\t\t\t\t\t\t\t\t\t<\/div>\n\t\t\t\t\t\t<h4 class=\"uagb-post__title uagb-post__text\">\n\t\t\t\t<a href=\"https:\/\/sitedev.ecirtp.fr\/index.php\/2025\/12\/17\/forum-decouverte-des-metiers\/\" target=\"_self\" rel=\"bookmark noopener noreferrer\">FORUM D\u00e9couverte des m\u00e9tiers<\/a>\n\t\t\t<\/h4>\n\t\t\t\t\t\t<div class='uagb-post__text uagb-post-grid-byline'>\n\t\t\t\t\t\t\t\t<time datetime=\"2025-12-17T12:58:53+01:00\" class=\"uagb-post__date\">\n\t\t\t\t<span class=\"dashicons-calendar dashicons\"><\/span>\t\t\t\t\t17 d\u00e9cembre 2025\t\t\t\t<\/time>\n\t\t\t\t\t\t\t<span class=\"uagb-post__comment\">\n\t\t\t\t<span class=\"dashicons-admin-comments dashicons\"><\/span>\t\t\t\t\tAucun commentaire\t\t\t\t<\/span>\n\t\t\t\t\t\t<\/div>\n\t\t\t\t\t\t\t<div class='uagb-post__text uagb-post__excerpt'>\n\t\t\t\t\t<p>Nous avons le plaisir de vous retrouver,Samedi 22 novembre au Forum d\u00e9couverte des m\u00e9tiers qui&#8230;\t\t\t\t<\/div>\n\t\t\t\t\t\t<div class=\"uagb-post__text uagb-post__cta wp-block-button\">\n\t\t\t\t<a class=\"wp-block-button__link uagb-text-link\" style=\"\" href=\"https:\/\/sitedev.ecirtp.fr\/index.php\/2025\/12\/17\/forum-decouverte-des-metiers\/\" target=\"_self\" rel=\"bookmark noopener noreferrer\">Lire la suite<\/a>\n\t\t\t<\/div>\n\t\t\t\n\t\t\t\t\t\t\t\t\t<\/article>\n\t\t\t\t\t\t\t\t\t\t\t\t\t\t\t\t<article class=\"uagb-post__inner-wrap\">\t\t\t\t\t\t\t\t<div class='uagb-post__image'>\n\t\t\t\t\t\t\t\t\t<a href=\"https:\/\/sitedev.ecirtp.fr\/index.php\/2025\/12\/17\/reduire-lempreinte-ecologique-de-son-chantier-avec-seve-tp\/\" target=\"_self\" rel=\"bookmark noopener noreferrer\"><img loading=\"lazy\" decoding=\"async\" width=\"800\" height=\"800\" src=\"https:\/\/sitedev.ecirtp.fr\/wp-content\/uploads\/2025\/12\/actu2jpg.jpg\" class=\"attachment-large size-large\" alt=\"\" srcset=\"https:\/\/sitedev.ecirtp.fr\/wp-content\/uploads\/2025\/12\/actu2jpg.jpg 800w, https:\/\/sitedev.ecirtp.fr\/wp-content\/uploads\/2025\/12\/actu2jpg-300x300.jpg 300w, https:\/\/sitedev.ecirtp.fr\/wp-content\/uploads\/2025\/12\/actu2jpg-150x150.jpg 150w, https:\/\/sitedev.ecirtp.fr\/wp-content\/uploads\/2025\/12\/actu2jpg-768x768.jpg 768w\" sizes=\"auto, (max-width: 800px) 100vw, 800px\" \/>\t\t\t\t\t<\/a>\n\t\t\t\t\t\t\t\t\t<\/div>\n\t\t\t\t\t\t<h4 class=\"uagb-post__title uagb-post__text\">\n\t\t\t\t<a href=\"https:\/\/sitedev.ecirtp.fr\/index.php\/2025\/12\/17\/reduire-lempreinte-ecologique-de-son-chantier-avec-seve-tp\/\" target=\"_self\" rel=\"bookmark noopener noreferrer\">R\u00e9duire l&#8217;empreinte \u00e9cologique de son chantier avec SEVE TP<\/a>\n\t\t\t<\/h4>\n\t\t\t\t\t\t<div class='uagb-post__text uagb-post-grid-byline'>\n\t\t\t\t\t\t\t\t<time datetime=\"2025-12-17T12:47:49+01:00\" class=\"uagb-post__date\">\n\t\t\t\t<span class=\"dashicons-calendar dashicons\"><\/span>\t\t\t\t\t17 d\u00e9cembre 2025\t\t\t\t<\/time>\n\t\t\t\t\t\t\t<span class=\"uagb-post__comment\">\n\t\t\t\t<span class=\"dashicons-admin-comments dashicons\"><\/span>\t\t\t\t\tAucun commentaire\t\t\t\t<\/span>\n\t\t\t\t\t\t<\/div>\n\t\t\t\t\t\t\t<div class='uagb-post__text uagb-post__excerpt'>\n\t\t\t\t\t<p>En partenariat avec&nbsp;tpdemain l&rsquo;\u00e9cole,&nbsp;la FBTP Alpes-Maritimes et l&rsquo;ECIR Formation&nbsp;ont le plaisir de vous proposer la&#8230;\t\t\t\t<\/div>\n\t\t\t\t\t\t<div class=\"uagb-post__text uagb-post__cta wp-block-button\">\n\t\t\t\t<a class=\"wp-block-button__link uagb-text-link\" style=\"\" href=\"https:\/\/sitedev.ecirtp.fr\/index.php\/2025\/12\/17\/reduire-lempreinte-ecologique-de-son-chantier-avec-seve-tp\/\" target=\"_self\" rel=\"bookmark noopener noreferrer\">Lire la suite<\/a>\n\t\t\t<\/div>\n\t\t\t\n\t\t\t\t\t\t\t\t\t<\/article>\n\t\t\t\t\t\t\t\t\t\t\t\t\t\t\t\t<article class=\"uagb-post__inner-wrap\">\t\t\t\t\t\t\t\t<div class='uagb-post__image'>\n\t\t\t\t\t\t\t\t\t<a href=\"https:\/\/sitedev.ecirtp.fr\/index.php\/2025\/12\/17\/jpo-ecir\/\" target=\"_self\" rel=\"bookmark noopener noreferrer\"><img loading=\"lazy\" decoding=\"async\" width=\"800\" height=\"800\" src=\"https:\/\/sitedev.ecirtp.fr\/wp-content\/uploads\/2025\/12\/actu1.jpg\" class=\"attachment-large size-large\" alt=\"\" srcset=\"https:\/\/sitedev.ecirtp.fr\/wp-content\/uploads\/2025\/12\/actu1.jpg 800w, https:\/\/sitedev.ecirtp.fr\/wp-content\/uploads\/2025\/12\/actu1-300x300.jpg 300w, https:\/\/sitedev.ecirtp.fr\/wp-content\/uploads\/2025\/12\/actu1-150x150.jpg 150w, https:\/\/sitedev.ecirtp.fr\/wp-content\/uploads\/2025\/12\/actu1-768x768.jpg 768w\" sizes=\"auto, (max-width: 800px) 100vw, 800px\" \/>\t\t\t\t\t<\/a>\n\t\t\t\t\t\t\t\t\t<\/div>\n\t\t\t\t\t\t<h4 class=\"uagb-post__title uagb-post__text\">\n\t\t\t\t<a href=\"https:\/\/sitedev.ecirtp.fr\/index.php\/2025\/12\/17\/jpo-ecir\/\" target=\"_self\" rel=\"bookmark noopener noreferrer\">JPO ECIR<\/a>\n\t\t\t<\/h4>\n\t\t\t\t\t\t<div class='uagb-post__text uagb-post-grid-byline'>\n\t\t\t\t\t\t\t\t<time datetime=\"2025-12-17T12:32:28+01:00\" class=\"uagb-post__date\">\n\t\t\t\t<span class=\"dashicons-calendar dashicons\"><\/span>\t\t\t\t\t17 d\u00e9cembre 2025\t\t\t\t<\/time>\n\t\t\t\t\t\t\t<span class=\"uagb-post__comment\">\n\t\t\t\t<span class=\"dashicons-admin-comments dashicons\"><\/span>\t\t\t\t\tAucun commentaire\t\t\t\t<\/span>\n\t\t\t\t\t\t<\/div>\n\t\t\t\t\t\t\t<div class='uagb-post__text uagb-post__excerpt'>\n\t\t\t\t\t<p>Retrouver les dates des JPO de l&rsquo;Ecir !Vous \u00eates \u00e0 la recherche d\u2019une formation concr\u00e8te&#8230;\t\t\t\t<\/div>\n\t\t\t\t\t\t<div class=\"uagb-post__text uagb-post__cta wp-block-button\">\n\t\t\t\t<a class=\"wp-block-button__link uagb-text-link\" style=\"\" href=\"https:\/\/sitedev.ecirtp.fr\/index.php\/2025\/12\/17\/jpo-ecir\/\" target=\"_self\" rel=\"bookmark noopener noreferrer\">Lire la suite<\/a>\n\t\t\t<\/div>\n\t\t\t\n\t\t\t\t\t\t\t\t\t<\/article>\n\t\t\t\t\t\t\t\t\t\t\t<\/div>\n\t\t\t","protected":false},"excerpt":{"rendered":"","protected":false},"author":1,"featured_media":0,"parent":0,"menu_order":0,"comment_status":"closed","ping_status":"closed","template":"","meta":{"_acf_changed":false,"_uag_custom_page_level_css":"","footnotes":""},"class_list":["post-7","page","type-page","status-publish","hentry"],"acf":[],"uagb_featured_image_src":{"full":false,"thumbnail":false,"medium":false,"medium_large":false,"large":false,"1536x1536":false,"2048x2048":false},"uagb_author_info":{"display_name":"emperor","author_link":"https:\/\/sitedev.ecirtp.fr\/index.php\/author\/emperor\/"},"uagb_comment_info":0,"uagb_excerpt":null,"_links":{"self":[{"href":"https:\/\/sitedev.ecirtp.fr\/index.php\/wp-json\/wp\/v2\/pages\/7","targetHints":{"allow":["GET"]}}],"collection":[{"href":"https:\/\/sitedev.ecirtp.fr\/index.php\/wp-json\/wp\/v2\/pages"}],"about":[{"href":"https:\/\/sitedev.ecirtp.fr\/index.php\/wp-json\/wp\/v2\/types\/page"}],"author":[{"embeddable":true,"href":"https:\/\/sitedev.ecirtp.fr\/index.php\/wp-json\/wp\/v2\/users\/1"}],"replies":[{"embeddable":true,"href":"https:\/\/sitedev.ecirtp.fr\/index.php\/wp-json\/wp\/v2\/comments?post=7"}],"version-history":[{"count":3,"href":"https:\/\/sitedev.ecirtp.fr\/index.php\/wp-json\/wp\/v2\/pages\/7\/revisions"}],"predecessor-version":[{"id":996,"href":"https:\/\/sitedev.ecirtp.fr\/index.php\/wp-json\/wp\/v2\/pages\/7\/revisions\/996"}],"wp:attachment":[{"href":"https:\/\/sitedev.ecirtp.fr\/index.php\/wp-json\/wp\/v2\/media?parent=7"}],"curies":[{"name":"wp","href":"https:\/\/api.w.org\/{rel}","templated":true}]}}