{"id":693,"date":"2025-12-12T11:36:34","date_gmt":"2025-12-12T10:36:34","guid":{"rendered":"https:\/\/sitedev.ecirtp.fr\/?page_id=693"},"modified":"2025-12-18T12:05:43","modified_gmt":"2025-12-18T11:05:43","slug":"cap-constructeur-de-routes","status":"publish","type":"page","link":"https:\/\/sitedev.ecirtp.fr\/index.php\/cap-constructeur-de-routes\/","title":{"rendered":"CAP Constructeur de Routes test"},"content":{"rendered":"\n<main class=\"wp-block-group formation-page is-layout-flow wp-container-core-group-is-layout-d345fd96 wp-block-group-is-layout-flow\" style=\"border-top-left-radius:0px;border-top-right-radius:0px;border-bottom-left-radius:0px;border-bottom-right-radius:0px;padding-top:0;padding-right:0;padding-bottom:0;padding-left:0\">\n<div class=\"wp-block-cover is-light\" style=\"border-top-left-radius:0px;border-top-right-radius:0px;border-bottom-left-radius:0px;border-bottom-right-radius:0px;padding-top:0;padding-right:0;padding-bottom:0;padding-left:0;min-height:347px;aspect-ratio:unset;\"><img loading=\"lazy\" decoding=\"async\" width=\"2560\" height=\"1396\" class=\"wp-block-cover__image-background wp-image-702 size-full\" alt=\"\" src=\"https:\/\/sitedev.ecirtp.fr\/wp-content\/uploads\/2025\/12\/Gemini_Generated_Image_uk44r6uk44r6uk44-scaled.png\" data-object-fit=\"cover\" srcset=\"https:\/\/sitedev.ecirtp.fr\/wp-content\/uploads\/2025\/12\/Gemini_Generated_Image_uk44r6uk44r6uk44-scaled.png 2560w, https:\/\/sitedev.ecirtp.fr\/wp-content\/uploads\/2025\/12\/Gemini_Generated_Image_uk44r6uk44r6uk44-300x164.png 300w, https:\/\/sitedev.ecirtp.fr\/wp-content\/uploads\/2025\/12\/Gemini_Generated_Image_uk44r6uk44r6uk44-1024x559.png 1024w, https:\/\/sitedev.ecirtp.fr\/wp-content\/uploads\/2025\/12\/Gemini_Generated_Image_uk44r6uk44r6uk44-768x419.png 768w, https:\/\/sitedev.ecirtp.fr\/wp-content\/uploads\/2025\/12\/Gemini_Generated_Image_uk44r6uk44r6uk44-1536x838.png 1536w, https:\/\/sitedev.ecirtp.fr\/wp-content\/uploads\/2025\/12\/Gemini_Generated_Image_uk44r6uk44r6uk44-2048x1117.png 2048w\" sizes=\"auto, (max-width: 2560px) 100vw, 2560px\" \/><span aria-hidden=\"true\" class=\"wp-block-cover__background has-background-dim-0 has-background-dim\"><\/span><div class=\"wp-block-cover__inner-container is-layout-flow wp-block-cover-is-layout-flow\">\n<p class=\"has-text-align-center has-base-2-color has-text-color has-link-color has-large-font-size wp-elements-04693e3a675fc8ce6d6cdba07335dafe\">Votre Titre<\/p>\n\n\n\n<p class=\"has-text-align-center has-base-2-color has-text-color has-link-color wp-elements-71b982d2f1717c06a5ba8f27f7c76033\">test<\/p>\n<\/div><\/div>\n\n\n\n<div class=\"wp-block-cover\" style=\"min-height:66px;aspect-ratio:unset;\"><span aria-hidden=\"true\" class=\"wp-block-cover__background has-background-dim-100 has-background-dim has-background-gradient\" style=\"background:linear-gradient(135deg,rgb(66,80,152) 1%,rgb(16,158,176) 98%)\"><\/span><div class=\"wp-block-cover__inner-container has-global-padding is-layout-constrained wp-block-cover-is-layout-constrained\">\n<div class=\"wp-block-group is-content-justification-center is-nowrap is-layout-flex wp-container-core-group-is-layout-0a12bad6 wp-block-group-is-layout-flex\">\n<p>Se munir de votre CV, lettre de motivation, bulletins.<\/p>\n\n\n\n<div class=\"wp-block-buttons is-layout-flex wp-block-buttons-is-layout-flex\">\n<div class=\"wp-block-button\"><a class=\"wp-block-button__link has-background wp-element-button\" style=\"border-top-left-radius:10px;border-top-right-radius:10px;border-bottom-left-radius:10px;border-bottom-right-radius:10px;background-color:#eb6715\">Formulaire d&rsquo;inscription<\/a><\/div>\n<\/div>\n<\/div>\n<\/div><\/div>\n<\/main>\n\n\n\n<main class=\"wp-block-group is-layout-flow wp-container-core-group-is-layout-85b49ef8 wp-block-group-is-layout-flow\" style=\"margin-top:0;margin-bottom:0;padding-top:var(--wp--preset--spacing--30);padding-right:var(--wp--preset--spacing--40);padding-bottom:var(--wp--preset--spacing--30);padding-left:var(--wp--preset--spacing--40)\">\n<div class=\"wp-block-group formation-sections is-layout-flow wp-container-core-group-is-layout-2032c346 wp-block-group-is-layout-flow\" style=\"padding-top:0;padding-right:0;padding-bottom:0;padding-left:0\">\n<div class=\"wp-block-columns is-layout-flex wp-container-core-columns-is-layout-2f980135 wp-block-columns-is-layout-flex\">\n<div class=\"wp-block-column is-layout-flow wp-block-column-is-layout-flow\">\n<div class=\"wp-block-group formation-sections is-layout-flow wp-container-core-group-is-layout-2032c346 wp-block-group-is-layout-flow\" style=\"padding-top:0;padding-right:0;padding-bottom:0;padding-left:0\">\n<div class=\"wp-block-columns formation-two-cols is-layout-flex wp-container-core-columns-is-layout-e8d01c59 wp-block-columns-is-layout-flex\" style=\"padding-top:var(--wp--preset--spacing--20);padding-right:var(--wp--preset--spacing--20);padding-bottom:var(--wp--preset--spacing--20);padding-left:var(--wp--preset--spacing--20)\">\n<div class=\"wp-block-column is-vertically-aligned-stretch is-layout-flow wp-block-column-is-layout-flow\" style=\"flex-basis:66.66%\">\n<div class=\"wp-block-group formation-card is-layout-flow wp-block-group-is-layout-flow\" style=\"border-top-left-radius:0px;border-top-right-radius:0px;border-bottom-left-radius:0px;border-bottom-right-radius:0px;padding-top:18px;padding-right:20px;padding-bottom:18px;padding-left:20px\">\n<div class=\"wp-block-group is-horizontal is-content-justification-left is-nowrap is-layout-flex wp-container-core-group-is-layout-fe35622c wp-block-group-is-layout-flex\" style=\"margin-top:0;margin-bottom:0;padding-top:0;padding-right:0;padding-bottom:0;padding-left:0\">\n<div class=\"wp-block-uagb-image uagb-block-c6619647 wp-block-uagb-image--layout-default wp-block-uagb-image--effect-static wp-block-uagb-image--align-none\"><figure class=\"wp-block-uagb-image__figure\"><img decoding=\"async\" srcset=\"https:\/\/sitedev.ecirtp.fr\/wp-content\/uploads\/2025\/12\/Gemini_Generated_Image_rbe9zvrbe9zvrbe9-edited-1024x1024.png ,https:\/\/sitedev.ecirtp.fr\/wp-content\/uploads\/2025\/12\/Gemini_Generated_Image_rbe9zvrbe9zvrbe9-edited.png 780w, https:\/\/sitedev.ecirtp.fr\/wp-content\/uploads\/2025\/12\/Gemini_Generated_Image_rbe9zvrbe9zvrbe9-edited.png 360w\" sizes=\"auto, (max-width: 480px) 150px\" src=\"https:\/\/sitedev.ecirtp.fr\/wp-content\/uploads\/2025\/12\/Gemini_Generated_Image_rbe9zvrbe9zvrbe9-edited-1024x1024.png\" alt=\"\" class=\"uag-image-714\" width=\"51\" height=\"51\" title=\"Gemini_Generated_Image_rbe9zvrbe9zvrbe9\" loading=\"lazy\" role=\"img\"\/><\/figure><\/div>\n\n\n\n<h4 class=\"wp-block-heading has-text-color has-link-color wp-elements-9807fee629adbb042166f60d6a4a6889\" style=\"color:#04549b\"> <strong>Objectifs<\/strong><\/h4>\n<\/div>\n\n\n\n<p>Votre texte qui concerne le titre du programme<\/p>\n\n\n\n<ul class=\"wp-block-list\">\n<li>D\u00e9panner et entretenir les installations hydrauliques<\/li>\n\n\n\n<li>D\u00e9panner et entretenir les installations pneumatiques<\/li>\n\n\n\n<li>Permettre la remise en service en s\u00e9curit\u00e9<\/li>\n<\/ul>\n<\/div>\n\n\n\n<div class=\"wp-block-group formation-card is-layout-flow wp-block-group-is-layout-flow\" style=\"border-top-left-radius:0px;border-top-right-radius:0px;border-bottom-left-radius:0px;border-bottom-right-radius:0px;margin-top:var(--wp--preset--spacing--20);margin-bottom:0;padding-top:18px;padding-right:20px;padding-bottom:18px;padding-left:20px\">\n<div class=\"wp-block-group is-horizontal is-content-justification-left is-nowrap is-layout-flex wp-container-core-group-is-layout-fe35622c wp-block-group-is-layout-flex\" style=\"margin-top:0;margin-bottom:0;padding-top:0;padding-right:0;padding-bottom:0;padding-left:0\">\n<div class=\"wp-block-uagb-image uagb-block-d6084b5d wp-block-uagb-image--layout-default wp-block-uagb-image--effect-static wp-block-uagb-image--align-none\"><figure class=\"wp-block-uagb-image__figure\"><img decoding=\"async\" srcset=\"https:\/\/sitedev.ecirtp.fr\/wp-content\/uploads\/2025\/12\/ChatGPT-Image-12-dec.-2025-10_04_06.png ,https:\/\/sitedev.ecirtp.fr\/wp-content\/uploads\/2025\/12\/ChatGPT-Image-12-dec.-2025-10_04_06.png 780w, https:\/\/sitedev.ecirtp.fr\/wp-content\/uploads\/2025\/12\/ChatGPT-Image-12-dec.-2025-10_04_06.png 360w\" sizes=\"auto, (max-width: 480px) 150px\" src=\"https:\/\/sitedev.ecirtp.fr\/wp-content\/uploads\/2025\/12\/ChatGPT-Image-12-dec.-2025-10_04_06.png\" alt=\"\" class=\"uag-image-636\" width=\"44\" height=\"35\" title=\"ChatGPT Image 12 d\u00e9c. 2025, 10_04_06\" loading=\"lazy\" role=\"img\"\/><\/figure><\/div>\n\n\n\n<h4 class=\"wp-block-heading has-text-color has-link-color wp-elements-ca92bcc155c1694a67f8d14859e15e1e\" style=\"color:#04549b\"> <strong>Programme de la formation<\/strong><\/h4>\n<\/div>\n\n\n\n<div data-wp-context=\"{ &quot;autoclose&quot;: false, &quot;accordionItems&quot;: [] }\" data-wp-interactive=\"core\/accordion\" role=\"group\" class=\"wp-block-accordion is-layout-flow wp-block-accordion-is-layout-flow\" style=\"padding-top:var(--wp--preset--spacing--10);padding-right:var(--wp--preset--spacing--10);padding-bottom:var(--wp--preset--spacing--10);padding-left:var(--wp--preset--spacing--10)\">\n<div data-wp-class--is-open=\"state.isOpen\" data-wp-context=\"{ &quot;id&quot;: &quot;accordion-item-1&quot;, &quot;openByDefault&quot;: false }\" data-wp-init=\"callbacks.initAccordionItems\" data-wp-on-window--hashchange=\"callbacks.hashChange\" class=\"wp-block-accordion-item is-layout-flow wp-container-core-accordion-item-is-layout-863f7516 wp-block-accordion-item-is-layout-flow\" style=\"border-top-left-radius:15px;border-top-right-radius:15px;border-bottom-left-radius:15px;border-bottom-right-radius:15px;margin-bottom:0;box-shadow:var(--wp--preset--shadow--natural)\">\n<h3 class=\"wp-block-accordion-heading\"><button aria-expanded=\"false\" aria-controls=\"accordion-item-1-panel\" data-wp-bind--aria-expanded=\"state.isOpen\" data-wp-on--click=\"actions.toggle\" data-wp-on--keydown=\"actions.handleKeyDown\" id=\"accordion-item-1\" class=\"wp-block-accordion-heading__toggle\" style=\"padding-top:var(--wp--preset--spacing--10);padding-right:var(--wp--preset--spacing--10);padding-bottom:var(--wp--preset--spacing--10);padding-left:var(--wp--preset--spacing--10)\"><span class=\"wp-block-accordion-heading__toggle-title\">CAP constructeur de routes<\/span><span class=\"wp-block-accordion-heading__toggle-icon\" aria-hidden=\"true\">+<\/span><\/button><\/h3>\n\n\n\n<div inert aria-labelledby=\"accordion-item-1\" data-wp-bind--inert=\"!state.isOpen\" id=\"accordion-item-1-panel\" role=\"region\" class=\"wp-block-accordion-panel is-layout-flow wp-block-accordion-panel-is-layout-flow\">\n<p class=\"has-contrast-color has-text-color has-link-color wp-elements-3d1e080b751697039317e29760df7d7f\" style=\"padding-top:var(--wp--preset--spacing--10);padding-right:var(--wp--preset--spacing--10);padding-bottom:var(--wp--preset--spacing--10);padding-left:var(--wp--preset--spacing--10)\">lalalala<\/p>\n<\/div>\n<\/div>\n\n\n\n<div data-wp-class--is-open=\"state.isOpen\" data-wp-context=\"{ &quot;id&quot;: &quot;accordion-item-2&quot;, &quot;openByDefault&quot;: false }\" data-wp-init=\"callbacks.initAccordionItems\" data-wp-on-window--hashchange=\"callbacks.hashChange\" class=\"wp-block-accordion-item is-layout-flow wp-container-core-accordion-item-is-layout-863f7516 wp-block-accordion-item-is-layout-flow\" style=\"border-top-left-radius:15px;border-top-right-radius:15px;border-bottom-left-radius:15px;border-bottom-right-radius:15px;margin-bottom:0;box-shadow:var(--wp--preset--shadow--natural)\">\n<h3 class=\"wp-block-accordion-heading\"><button aria-expanded=\"false\" aria-controls=\"accordion-item-2-panel\" data-wp-bind--aria-expanded=\"state.isOpen\" data-wp-on--click=\"actions.toggle\" data-wp-on--keydown=\"actions.handleKeyDown\" id=\"accordion-item-2\" class=\"wp-block-accordion-heading__toggle\" style=\"padding-top:var(--wp--preset--spacing--10);padding-right:var(--wp--preset--spacing--10);padding-bottom:var(--wp--preset--spacing--10);padding-left:var(--wp--preset--spacing--10)\"><span class=\"wp-block-accordion-heading__toggle-title\">Programme de la route 1<\/span><span class=\"wp-block-accordion-heading__toggle-icon\" aria-hidden=\"true\">+<\/span><\/button><\/h3>\n\n\n\n<div inert aria-labelledby=\"accordion-item-2\" data-wp-bind--inert=\"!state.isOpen\" id=\"accordion-item-2-panel\" role=\"region\" class=\"wp-block-accordion-panel is-layout-flow wp-block-accordion-panel-is-layout-flow\">\n<p class=\"has-contrast-color has-text-color has-link-color wp-elements-3d1e080b751697039317e29760df7d7f\" style=\"padding-top:var(--wp--preset--spacing--10);padding-right:var(--wp--preset--spacing--10);padding-bottom:var(--wp--preset--spacing--10);padding-left:var(--wp--preset--spacing--10)\">lalalala<\/p>\n<\/div>\n<\/div>\n\n\n\n<div data-wp-class--is-open=\"state.isOpen\" data-wp-context=\"{ &quot;id&quot;: &quot;accordion-item-3&quot;, &quot;openByDefault&quot;: false }\" data-wp-init=\"callbacks.initAccordionItems\" data-wp-on-window--hashchange=\"callbacks.hashChange\" class=\"wp-block-accordion-item is-layout-flow wp-container-core-accordion-item-is-layout-863f7516 wp-block-accordion-item-is-layout-flow\" style=\"border-top-left-radius:15px;border-top-right-radius:15px;border-bottom-left-radius:15px;border-bottom-right-radius:15px;margin-bottom:0;box-shadow:var(--wp--preset--shadow--natural)\">\n<h3 class=\"wp-block-accordion-heading\"><button aria-expanded=\"false\" aria-controls=\"accordion-item-3-panel\" data-wp-bind--aria-expanded=\"state.isOpen\" data-wp-on--click=\"actions.toggle\" data-wp-on--keydown=\"actions.handleKeyDown\" id=\"accordion-item-3\" class=\"wp-block-accordion-heading__toggle\" style=\"padding-top:var(--wp--preset--spacing--10);padding-right:var(--wp--preset--spacing--10);padding-bottom:var(--wp--preset--spacing--10);padding-left:var(--wp--preset--spacing--10)\"><span class=\"wp-block-accordion-heading__toggle-title\">Programme de la route 2<\/span><span class=\"wp-block-accordion-heading__toggle-icon\" aria-hidden=\"true\">+<\/span><\/button><\/h3>\n\n\n\n<div inert aria-labelledby=\"accordion-item-3\" data-wp-bind--inert=\"!state.isOpen\" id=\"accordion-item-3-panel\" role=\"region\" class=\"wp-block-accordion-panel is-layout-flow wp-block-accordion-panel-is-layout-flow\">\n<p class=\"has-contrast-color has-text-color has-link-color wp-elements-3d1e080b751697039317e29760df7d7f\" style=\"padding-top:var(--wp--preset--spacing--10);padding-right:var(--wp--preset--spacing--10);padding-bottom:var(--wp--preset--spacing--10);padding-left:var(--wp--preset--spacing--10)\">lalalala<\/p>\n<\/div>\n<\/div>\n\n\n\n<div data-wp-class--is-open=\"state.isOpen\" data-wp-context=\"{ &quot;id&quot;: &quot;accordion-item-4&quot;, &quot;openByDefault&quot;: false }\" data-wp-init=\"callbacks.initAccordionItems\" data-wp-on-window--hashchange=\"callbacks.hashChange\" class=\"wp-block-accordion-item is-layout-flow wp-container-core-accordion-item-is-layout-863f7516 wp-block-accordion-item-is-layout-flow\" style=\"border-top-left-radius:15px;border-top-right-radius:15px;border-bottom-left-radius:15px;border-bottom-right-radius:15px;margin-bottom:0;box-shadow:var(--wp--preset--shadow--natural)\">\n<h3 class=\"wp-block-accordion-heading\"><button aria-expanded=\"false\" aria-controls=\"accordion-item-4-panel\" data-wp-bind--aria-expanded=\"state.isOpen\" data-wp-on--click=\"actions.toggle\" data-wp-on--keydown=\"actions.handleKeyDown\" id=\"accordion-item-4\" class=\"wp-block-accordion-heading__toggle\" style=\"padding-top:var(--wp--preset--spacing--10);padding-right:var(--wp--preset--spacing--10);padding-bottom:var(--wp--preset--spacing--10);padding-left:var(--wp--preset--spacing--10)\"><span class=\"wp-block-accordion-heading__toggle-title\">Programme de la formation<\/span><span class=\"wp-block-accordion-heading__toggle-icon\" aria-hidden=\"true\">+<\/span><\/button><\/h3>\n\n\n\n<div inert aria-labelledby=\"accordion-item-4\" data-wp-bind--inert=\"!state.isOpen\" id=\"accordion-item-4-panel\" role=\"region\" class=\"wp-block-accordion-panel is-layout-flow wp-block-accordion-panel-is-layout-flow\">\n<p class=\"has-contrast-color has-text-color has-link-color wp-elements-3d1e080b751697039317e29760df7d7f\" style=\"padding-top:var(--wp--preset--spacing--10);padding-right:var(--wp--preset--spacing--10);padding-bottom:var(--wp--preset--spacing--10);padding-left:var(--wp--preset--spacing--10)\">lalalala<\/p>\n<\/div>\n<\/div>\n<\/div>\n<\/div>\n<\/div>\n\n\n\n<div class=\"wp-block-column is-vertically-aligned-center is-layout-flow wp-container-core-column-is-layout-a77db08e wp-block-column-is-layout-flow\" style=\"flex-basis:33.33%\">\n<div class=\"wp-block-group formation-card formation-side has-base-2-background-color has-background is-layout-flow wp-container-core-group-is-layout-fd0a0b74 wp-block-group-is-layout-flow\" style=\"border-top-left-radius:15px;border-top-right-radius:15px;border-bottom-left-radius:15px;border-bottom-right-radius:15px;min-height:0px;margin-top:0;margin-bottom:0;padding-top:20px;padding-right:20px;padding-bottom:20px;padding-left:20px;box-shadow:var(--wp--preset--shadow--natural)\">\n<h2 class=\"wp-block-heading\">Conditions d&rsquo;acc\u00e8s<\/h2>\n\n\n\n<ul class=\"wp-block-list\">\n<li>Condition 1<\/li>\n\n\n\n<li>Condition 2<\/li>\n<\/ul>\n\n\n\n<h2 class=\"wp-block-heading\">Modalit\u00e9 et organisation<\/h2>\n\n\n\n<ul class=\"wp-block-list\">\n<li>Modalit\u00e9 1<\/li>\n\n\n\n<li>Modalit\u00e9 2<\/li>\n<\/ul>\n\n\n\n<div class=\"wp-block-group formation-stats is-layout-flow wp-block-group-is-layout-flow\">\n<div class=\"wp-block-group stat-row is-nowrap is-layout-flex wp-container-core-group-is-layout-cd9ab148 wp-block-group-is-layout-flex\">\n<div class=\"wp-block-uagb-counter uagb-block-e6a8b585 wp-block-uagb-counter--circle\"><div class=\"wp-block-uagb-counter-circle-container\"><div class=\"wp-block-uagb-counter-circle-container__content\"><div class=\"wp-block-uagb-counter__number\"><span class=\"uagb-counter-block-number\" data-duration=\"0.001\" data-to-value=\"80\" data-from-value=\"0\" data-delimiter=\",\"><\/span><span class=\"uagb-counter-block-suffix\">%<\/span><\/div><div class=\"wp-block-uagb-counter__title\"><br><\/div><\/div><svg preserveAspectRatio=\"xMinYMin meet\" viewBox=\"0 0 50 50\" version=\"1.1\" xmlns=\"http:\/\/www.w3.org\/2000\/svg\"><circle class=\"uagb-counter-circle__background\"><\/circle><circle class=\"uagb-counter-circle__progress\"><\/circle><\/svg><\/div><\/div>\n\n\n\n<p><strong>R\u00e9ussite<\/strong><\/p>\n<\/div>\n\n\n\n<div class=\"wp-block-group stat-row is-nowrap is-layout-flex wp-container-core-group-is-layout-cd9ab148 wp-block-group-is-layout-flex\">\n<div class=\"wp-block-uagb-counter uagb-block-779811a7 wp-block-uagb-counter--circle\"><div class=\"wp-block-uagb-counter-circle-container\"><div class=\"wp-block-uagb-counter-circle-container__content\"><div class=\"wp-block-uagb-counter__number\"><span class=\"uagb-counter-block-number\" data-duration=\"0.001\" data-to-value=\"80\" data-from-value=\"0\" data-delimiter=\",\"><\/span><span class=\"uagb-counter-block-suffix\">%<\/span><\/div><div class=\"wp-block-uagb-counter__title\"><br><\/div><\/div><svg preserveAspectRatio=\"xMinYMin meet\" viewBox=\"0 0 50 50\" version=\"1.1\" xmlns=\"http:\/\/www.w3.org\/2000\/svg\"><circle class=\"uagb-counter-circle__background\"><\/circle><circle class=\"uagb-counter-circle__progress\"><\/circle><\/svg><\/div><\/div>\n\n\n\n<p><strong><strong>Poursuite d&rsquo;\u00e9tude<\/strong><\/strong><\/p>\n<\/div>\n\n\n\n<div class=\"wp-block-group stat-row is-nowrap is-layout-flex wp-container-core-group-is-layout-cd9ab148 wp-block-group-is-layout-flex\">\n<div class=\"wp-block-uagb-counter uagb-block-cccec479 wp-block-uagb-counter--circle\"><div class=\"wp-block-uagb-counter-circle-container\"><div class=\"wp-block-uagb-counter-circle-container__content\"><div class=\"wp-block-uagb-counter__number\"><span class=\"uagb-counter-block-number\" data-duration=\"0.001\" data-to-value=\"80\" data-from-value=\"0\" data-delimiter=\",\"><\/span><span class=\"uagb-counter-block-suffix\">%<\/span><\/div><div class=\"wp-block-uagb-counter__title\"><br><\/div><\/div><svg preserveAspectRatio=\"xMinYMin meet\" viewBox=\"0 0 50 50\" version=\"1.1\" xmlns=\"http:\/\/www.w3.org\/2000\/svg\"><circle class=\"uagb-counter-circle__background\"><\/circle><circle class=\"uagb-counter-circle__progress\"><\/circle><\/svg><\/div><\/div>\n\n\n\n<p><strong><strong>Insertion professionnelle<\/strong><\/strong><\/p>\n<\/div>\n<\/div>\n<\/div>\n<\/div>\n<\/div>\n<\/div>\n<\/div>\n<\/div>\n<\/div>\n<\/main>\n","protected":false},"excerpt":{"rendered":"<p>Objectifs Votre texte qui concerne le titre du programme Programme de la formation Conditions d&rsquo;acc\u00e8s Modalit\u00e9 et organisation R\u00e9ussite Poursuite d&rsquo;\u00e9tude Insertion professionnelle<\/p>\n","protected":false},"author":2,"featured_media":0,"parent":0,"menu_order":0,"comment_status":"closed","ping_status":"closed","template":"mod-le-formation","meta":{"_acf_changed":false,"_uag_custom_page_level_css":"","footnotes":""},"class_list":["post-693","page","type-page","status-publish","hentry"],"acf":[],"uagb_featured_image_src":{"full":false,"thumbnail":false,"medium":false,"medium_large":false,"large":false,"1536x1536":false,"2048x2048":false},"uagb_author_info":{"display_name":"Xavier Trouche","author_link":"https:\/\/sitedev.ecirtp.fr\/index.php\/author\/xavier-trouche\/"},"uagb_comment_info":0,"uagb_excerpt":"Objectifs Votre texte qui concerne le titre du programme Programme de la formation Conditions d&rsquo;acc\u00e8s Modalit\u00e9 et organisation R\u00e9ussite Poursuite d&rsquo;\u00e9tude Insertion professionnelle","_links":{"self":[{"href":"https:\/\/sitedev.ecirtp.fr\/index.php\/wp-json\/wp\/v2\/pages\/693","targetHints":{"allow":["GET"]}}],"collection":[{"href":"https:\/\/sitedev.ecirtp.fr\/index.php\/wp-json\/wp\/v2\/pages"}],"about":[{"href":"https:\/\/sitedev.ecirtp.fr\/index.php\/wp-json\/wp\/v2\/types\/page"}],"author":[{"embeddable":true,"href":"https:\/\/sitedev.ecirtp.fr\/index.php\/wp-json\/wp\/v2\/users\/2"}],"replies":[{"embeddable":true,"href":"https:\/\/sitedev.ecirtp.fr\/index.php\/wp-json\/wp\/v2\/comments?post=693"}],"version-history":[{"count":19,"href":"https:\/\/sitedev.ecirtp.fr\/index.php\/wp-json\/wp\/v2\/pages\/693\/revisions"}],"predecessor-version":[{"id":1020,"href":"https:\/\/sitedev.ecirtp.fr\/index.php\/wp-json\/wp\/v2\/pages\/693\/revisions\/1020"}],"wp:attachment":[{"href":"https:\/\/sitedev.ecirtp.fr\/index.php\/wp-json\/wp\/v2\/media?parent=693"}],"curies":[{"name":"wp","href":"https:\/\/api.w.org\/{rel}","templated":true}]}}