{"id":525,"date":"2025-12-11T15:45:16","date_gmt":"2025-12-11T14:45:16","guid":{"rendered":"https:\/\/sitedev.ecirtp.fr\/?page_id=525"},"modified":"2025-12-12T11:45:37","modified_gmt":"2025-12-12T10:45:37","slug":"maintenance-industrielle","status":"publish","type":"page","link":"https:\/\/sitedev.ecirtp.fr\/index.php\/maintenance-industrielle\/","title":{"rendered":"MAINTENANCE INDUSTRIELLE"},"content":{"rendered":"\n<main class=\"wp-block-group formation-page is-layout-flow wp-container-core-group-is-layout-03a3a36e wp-block-group-is-layout-flow\" style=\"border-top-left-radius:15px;border-top-right-radius:15px;border-bottom-left-radius:15px;border-bottom-right-radius:15px;padding-top:0;padding-right:var(--wp--preset--spacing--10);padding-bottom:0;padding-left:var(--wp--preset--spacing--10)\">\n<div class=\"wp-block-cover is-light\" style=\"border-top-left-radius:10px;border-top-right-radius:10px;border-bottom-left-radius:10px;border-bottom-right-radius:10px;padding-top:0;padding-right:0;padding-bottom:0;padding-left:0\"><img loading=\"lazy\" decoding=\"async\" width=\"2560\" height=\"975\" class=\"wp-block-cover__image-background wp-image-527 size-full\" alt=\"\" src=\"https:\/\/sitedev.ecirtp.fr\/wp-content\/uploads\/2025\/12\/Gemini_Generated_Image_pbi8vpbi8vpbi8vp-1-scaled.png\" data-object-fit=\"cover\" srcset=\"https:\/\/sitedev.ecirtp.fr\/wp-content\/uploads\/2025\/12\/Gemini_Generated_Image_pbi8vpbi8vpbi8vp-1-scaled.png 2560w, https:\/\/sitedev.ecirtp.fr\/wp-content\/uploads\/2025\/12\/Gemini_Generated_Image_pbi8vpbi8vpbi8vp-1-300x114.png 300w, https:\/\/sitedev.ecirtp.fr\/wp-content\/uploads\/2025\/12\/Gemini_Generated_Image_pbi8vpbi8vpbi8vp-1-1024x390.png 1024w, https:\/\/sitedev.ecirtp.fr\/wp-content\/uploads\/2025\/12\/Gemini_Generated_Image_pbi8vpbi8vpbi8vp-1-768x293.png 768w, https:\/\/sitedev.ecirtp.fr\/wp-content\/uploads\/2025\/12\/Gemini_Generated_Image_pbi8vpbi8vpbi8vp-1-1536x585.png 1536w, https:\/\/sitedev.ecirtp.fr\/wp-content\/uploads\/2025\/12\/Gemini_Generated_Image_pbi8vpbi8vpbi8vp-1-2048x780.png 2048w\" sizes=\"auto, (max-width: 2560px) 100vw, 2560px\" \/><span aria-hidden=\"true\" class=\"wp-block-cover__background has-background-dim-0 has-background-dim\"><\/span><div class=\"wp-block-cover__inner-container is-layout-flow wp-block-cover-is-layout-flow\">\n<p class=\"has-text-align-center has-base-2-color has-text-color has-link-color has-large-font-size wp-elements-04693e3a675fc8ce6d6cdba07335dafe\">Votre Titre<\/p>\n\n\n\n<p class=\"has-text-align-center has-base-2-color has-text-color has-link-color wp-elements-71b982d2f1717c06a5ba8f27f7c76033\">test<\/p>\n<\/div><\/div>\n<\/main>\n\n\n\n<main class=\"wp-block-group is-layout-flow wp-container-core-group-is-layout-85b49ef8 wp-block-group-is-layout-flow\" style=\"margin-top:0;margin-bottom:0;padding-top:var(--wp--preset--spacing--30);padding-right:var(--wp--preset--spacing--40);padding-bottom:var(--wp--preset--spacing--30);padding-left:var(--wp--preset--spacing--40)\">\n<div class=\"wp-block-group formation-bar has-base-background-color has-background has-global-padding is-layout-constrained wp-container-core-group-is-layout-5896cd15 wp-block-group-is-layout-constrained\" style=\"border-top-left-radius:0px;border-top-right-radius:0px;border-bottom-left-radius:0px;border-bottom-right-radius:0px;margin-top:-170px;padding-top:var(--wp--preset--spacing--10);padding-right:var(--wp--preset--spacing--40);padding-bottom:var(--wp--preset--spacing--20);padding-left:var(--wp--preset--spacing--40)\">\n<div class=\"wp-block-columns are-vertically-aligned-center is-layout-flex wp-container-core-columns-is-layout-9330f74f wp-block-columns-is-layout-flex\">\n<div class=\"wp-block-column is-layout-flow wp-block-column-is-layout-flow\">\n<div class=\"wp-block-group is-horizontal is-content-justification-left is-nowrap is-layout-flex wp-container-core-group-is-layout-7ba15d84 wp-block-group-is-layout-flex\" style=\"margin-top:0;margin-bottom:0;padding-top:0;padding-right:0;padding-bottom:0;padding-left:0\">\n<div class=\"wp-block-uagb-image alignleft uagb-block-cf83c243 wp-block-uagb-image--layout-default wp-block-uagb-image--effect-static wp-block-uagb-image--align-left\"><figure class=\"wp-block-uagb-image__figure\"><img decoding=\"async\" srcset=\"https:\/\/sitedev.ecirtp.fr\/wp-content\/uploads\/2025\/12\/ChatGPT-Image-12-dec.-2025-10_20_18-1.png ,https:\/\/sitedev.ecirtp.fr\/wp-content\/uploads\/2025\/12\/ChatGPT-Image-12-dec.-2025-10_20_18-1.png 780w, https:\/\/sitedev.ecirtp.fr\/wp-content\/uploads\/2025\/12\/ChatGPT-Image-12-dec.-2025-10_20_18-1.png 360w\" sizes=\"auto, (max-width: 480px) 150px\" src=\"https:\/\/sitedev.ecirtp.fr\/wp-content\/uploads\/2025\/12\/ChatGPT-Image-12-dec.-2025-10_20_18-1.png\" alt=\"\" class=\"uag-image-645\" width=\"41\" height=\"41\" title=\"ChatGPT Image 12 d\u00e9c. 2025, 10_20_18\" loading=\"lazy\" role=\"img\"\/><\/figure><\/div>\n\n\n\n<h3 class=\"wp-block-heading has-text-color has-link-color wp-elements-1e7f4f3939b0933b5faf16723c094614\" style=\"color:#04549b\"> <strong>Dur\u00e9e<\/strong><\/h3>\n<\/div>\n\n\n\n<p style=\"padding-top:0;padding-right:var(--wp--preset--spacing--20);padding-bottom:0;padding-left:var(--wp--preset--spacing--20)\">14 heures sur 2 jours<\/p>\n<\/div>\n\n\n\n<div class=\"wp-block-column is-layout-flow wp-block-column-is-layout-flow\">\n<div class=\"wp-block-group is-horizontal is-content-justification-left is-nowrap is-layout-flex wp-container-core-group-is-layout-7ba15d84 wp-block-group-is-layout-flex\" style=\"margin-top:0;margin-bottom:0;padding-top:0;padding-right:0;padding-bottom:0;padding-left:0\">\n<div class=\"wp-block-uagb-image uagb-block-2b7842bd wp-block-uagb-image--layout-default wp-block-uagb-image--effect-static wp-block-uagb-image--align-none\"><figure class=\"wp-block-uagb-image__figure\"><img decoding=\"async\" srcset=\"https:\/\/sitedev.ecirtp.fr\/wp-content\/uploads\/2025\/12\/ChatGPT-Image-12-dec.-2025-09_09_34-2-1024x683.png ,https:\/\/sitedev.ecirtp.fr\/wp-content\/uploads\/2025\/12\/ChatGPT-Image-12-dec.-2025-09_09_34-2.png 780w, https:\/\/sitedev.ecirtp.fr\/wp-content\/uploads\/2025\/12\/ChatGPT-Image-12-dec.-2025-09_09_34-2.png 360w\" sizes=\"auto, (max-width: 480px) 150px\" src=\"https:\/\/sitedev.ecirtp.fr\/wp-content\/uploads\/2025\/12\/ChatGPT-Image-12-dec.-2025-09_09_34-2-1024x683.png\" alt=\"\" class=\"uag-image-662\" width=\"56\" height=\"37\" title=\"ChatGPT Image 12 d\u00e9c. 2025, 09_09_34\" loading=\"lazy\" role=\"img\"\/><\/figure><\/div>\n\n\n\n<h3 class=\"wp-block-heading has-text-color has-link-color wp-elements-fdc0958d30263485dad2919351f51a09\" style=\"color:#04549b\">  <strong>Groupe<\/strong><\/h3>\n<\/div>\n\n\n\n<p>De x \u00e0 x personnes<\/p>\n<\/div>\n\n\n\n<div class=\"wp-block-column is-layout-flow wp-block-column-is-layout-flow\">\n<div class=\"wp-block-group is-horizontal is-content-justification-left is-nowrap is-layout-flex wp-container-core-group-is-layout-7ba15d84 wp-block-group-is-layout-flex\" style=\"margin-top:0;margin-bottom:0;padding-top:0;padding-right:0;padding-bottom:0;padding-left:0\">\n<div class=\"wp-block-uagb-image uagb-block-2b7842bd wp-block-uagb-image--layout-default wp-block-uagb-image--effect-static wp-block-uagb-image--align-none\"><figure class=\"wp-block-uagb-image__figure\"><img decoding=\"async\" srcset=\"https:\/\/sitedev.ecirtp.fr\/wp-content\/uploads\/2025\/12\/ChatGPT-Image-12-dec.-2025-10_31_13-2.png ,https:\/\/sitedev.ecirtp.fr\/wp-content\/uploads\/2025\/12\/ChatGPT-Image-12-dec.-2025-10_31_13-2.png 780w, https:\/\/sitedev.ecirtp.fr\/wp-content\/uploads\/2025\/12\/ChatGPT-Image-12-dec.-2025-10_31_13-2.png 360w\" sizes=\"auto, (max-width: 480px) 150px\" src=\"https:\/\/sitedev.ecirtp.fr\/wp-content\/uploads\/2025\/12\/ChatGPT-Image-12-dec.-2025-10_31_13-2.png\" alt=\"\" class=\"uag-image-663\" width=\"41\" height=\"29\" title=\"ChatGPT Image 12 d\u00e9c. 2025, 10_31_13\" loading=\"lazy\" role=\"img\"\/><\/figure><\/div>\n\n\n\n<h3 class=\"wp-block-heading has-text-color has-link-color wp-elements-877d525c740962286751895ec369421a\" style=\"color:#04549b\">  <strong><strong>Tarif<\/strong><\/strong><\/h3>\n<\/div>\n\n\n\n<p>INTER : Nous consulter<\/p>\n\n\n\n<p>INTRA \u00e0 partir de x \u20ac HT \/ jour<\/p>\n<\/div>\n\n\n\n<div class=\"wp-block-column is-layout-flow wp-block-column-is-layout-flow\">\n<div class=\"wp-block-group is-horizontal is-content-justification-left is-nowrap is-layout-flex wp-container-core-group-is-layout-7ba15d84 wp-block-group-is-layout-flex\" style=\"margin-top:0;margin-bottom:0;padding-top:0;padding-right:0;padding-bottom:0;padding-left:0\">\n<div class=\"wp-block-uagb-image uagb-block-c747a4dd wp-block-uagb-image--layout-default wp-block-uagb-image--effect-static wp-block-uagb-image--align-none\"><figure class=\"wp-block-uagb-image__figure\"><img decoding=\"async\" srcset=\"https:\/\/sitedev.ecirtp.fr\/wp-content\/uploads\/2025\/12\/ChatGPT-Image-12-dec.-2025-10_33_57-1.png ,https:\/\/sitedev.ecirtp.fr\/wp-content\/uploads\/2025\/12\/ChatGPT-Image-12-dec.-2025-10_33_57-1.png 780w, https:\/\/sitedev.ecirtp.fr\/wp-content\/uploads\/2025\/12\/ChatGPT-Image-12-dec.-2025-10_33_57-1.png 360w\" sizes=\"auto, (max-width: 480px) 150px\" src=\"https:\/\/sitedev.ecirtp.fr\/wp-content\/uploads\/2025\/12\/ChatGPT-Image-12-dec.-2025-10_33_57-1.png\" alt=\"\" class=\"uag-image-650\" width=\"30\" height=\"38\" title=\"ChatGPT Image 12 d\u00e9c. 2025, 10_33_57\" loading=\"lazy\" role=\"img\"\/><\/figure><\/div>\n\n\n\n<h3 class=\"wp-block-heading has-text-color has-link-color wp-elements-3530120366813f2decf130ef29a40def\" style=\"color:#04549b\">   <strong><strong>Validation<\/strong><\/strong><\/h3>\n<\/div>\n\n\n\n<p>Attestation de stage<\/p>\n<\/div>\n<\/div>\n\n\n\n<div class=\"wp-block-buttons is-content-justification-center is-layout-flex wp-container-core-buttons-is-layout-0b4eeb54 wp-block-buttons-is-layout-flex\" style=\"margin-top:var(--wp--preset--spacing--10)\">\n<div class=\"wp-block-button\"><a class=\"wp-block-button__link has-base-2-color has-text-color has-background wp-element-button\" style=\"border-radius:6px;background-color:#e68b22;padding-top:0.9em;padding-right:1.8em;padding-bottom:0.9em;padding-left:1.8em\">Demande de devis<\/a><\/div>\n\n\n\n<div class=\"wp-block-button\"><a class=\"wp-block-button__link has-base-2-color has-text-color has-background wp-element-button\" style=\"border-radius:6px;background-color:#04549b;padding-top:0.9em;padding-right:1.6em;padding-bottom:0.9em;padding-left:1.6em\">T\u00e9l\u00e9charger le programme<\/a><\/div>\n<\/div>\n<\/div>\n\n\n\n<div class=\"wp-block-group formation-sections is-layout-flow wp-container-core-group-is-layout-2032c346 wp-block-group-is-layout-flow\" style=\"padding-top:0;padding-right:0;padding-bottom:0;padding-left:0\">\n<div class=\"wp-block-columns is-layout-flex wp-container-core-columns-is-layout-2f980135 wp-block-columns-is-layout-flex\">\n<div class=\"wp-block-column is-layout-flow wp-block-column-is-layout-flow\">\n<div class=\"wp-block-group formation-card has-base-2-background-color has-background is-layout-flow wp-block-group-is-layout-flow\" style=\"border-top-left-radius:0px;border-top-right-radius:0px;border-bottom-left-radius:0px;border-bottom-right-radius:0px;padding-top:18px;padding-right:20px;padding-bottom:18px;padding-left:20px;box-shadow:var(--wp--preset--shadow--natural)\">\n<div class=\"wp-block-group is-horizontal is-content-justification-left is-nowrap is-layout-flex wp-container-core-group-is-layout-7ba15d84 wp-block-group-is-layout-flex\" style=\"margin-top:0;margin-bottom:0;padding-top:0;padding-right:0;padding-bottom:0;padding-left:0\">\n<div class=\"wp-block-uagb-image uagb-block-cec37810 wp-block-uagb-image--layout-default wp-block-uagb-image--effect-static wp-block-uagb-image--align-none\"><figure class=\"wp-block-uagb-image__figure\"><img decoding=\"async\" srcset=\"https:\/\/sitedev.ecirtp.fr\/wp-content\/uploads\/2025\/12\/Gemini_Generated_Image_rbe9zvrbe9zvrbe9-1024x565.png ,https:\/\/sitedev.ecirtp.fr\/wp-content\/uploads\/2025\/12\/Gemini_Generated_Image_rbe9zvrbe9zvrbe9-scaled.png 780w, https:\/\/sitedev.ecirtp.fr\/wp-content\/uploads\/2025\/12\/Gemini_Generated_Image_rbe9zvrbe9zvrbe9-scaled.png 360w\" sizes=\"auto, (max-width: 480px) 150px\" src=\"https:\/\/sitedev.ecirtp.fr\/wp-content\/uploads\/2025\/12\/Gemini_Generated_Image_rbe9zvrbe9zvrbe9-1024x565.png\" alt=\"\" class=\"uag-image-616\" width=\"73\" height=\"39\" title=\"Gemini_Generated_Image_rbe9zvrbe9zvrbe9\" loading=\"lazy\" role=\"img\"\/><\/figure><\/div>\n\n\n\n<h4 class=\"wp-block-heading has-text-color has-link-color wp-elements-f6b6d93254c8d3256c87f80ac3b588dd\" style=\"color:#04549b\"><strong>Objectifs<\/strong><\/h4>\n<\/div>\n\n\n\n<ul class=\"wp-block-list\">\n<li>D\u00e9panner et entretenir les installations hydrauliques<\/li>\n\n\n\n<li>D\u00e9panner et entretenir les installations pneumatiques<\/li>\n\n\n\n<li>Permettre la remise en service en s\u00e9curit\u00e9<\/li>\n<\/ul>\n\n\n\n<div class=\"wp-block-group is-horizontal is-content-justification-left is-nowrap is-layout-flex wp-container-core-group-is-layout-22ad5ecb wp-block-group-is-layout-flex\" style=\"margin-top:var(--wp--preset--spacing--10);margin-bottom:var(--wp--preset--spacing--10);padding-top:0;padding-right:0;padding-bottom:0;padding-left:0\">\n<div class=\"wp-block-uagb-image uagb-block-ed348495 wp-block-uagb-image--layout-default wp-block-uagb-image--effect-static wp-block-uagb-image--align-none\"><figure class=\"wp-block-uagb-image__figure\"><img decoding=\"async\" srcset=\"https:\/\/sitedev.ecirtp.fr\/wp-content\/uploads\/2025\/12\/ChatGPT-Image-12-dec.-2025-09_09_34-1024x683.png ,https:\/\/sitedev.ecirtp.fr\/wp-content\/uploads\/2025\/12\/ChatGPT-Image-12-dec.-2025-09_09_34.png 780w, https:\/\/sitedev.ecirtp.fr\/wp-content\/uploads\/2025\/12\/ChatGPT-Image-12-dec.-2025-09_09_34.png 360w\" sizes=\"auto, (max-width: 480px) 150px\" src=\"https:\/\/sitedev.ecirtp.fr\/wp-content\/uploads\/2025\/12\/ChatGPT-Image-12-dec.-2025-09_09_34-1024x683.png\" alt=\"\" class=\"uag-image-619\" width=\"66\" height=\"44\" title=\"ChatGPT Image 12 d\u00e9c. 2025, 09_09_34\" loading=\"lazy\" role=\"img\"\/><\/figure><\/div>\n\n\n\n<h4 class=\"wp-block-heading has-text-color has-link-color wp-elements-a53c9f6d847769b339e3efaf0cb9a98d\" style=\"color:#04549b\"><strong>Public Cible et Pr\u00e9requis<\/strong><\/h4>\n<\/div>\n\n\n\n<ul class=\"wp-block-list\">\n<li>Public de x \u00e0 x personnes<\/li>\n\n\n\n<li>D\u00e9panner et entretenir les installation hydrauliques et pneumatiques <\/li>\n<\/ul>\n<\/div>\n<\/div>\n\n\n\n<div class=\"wp-block-column is-layout-flow wp-block-column-is-layout-flow\" style=\"padding-top:0;padding-right:0;padding-bottom:0;padding-left:0\">\n<div class=\"wp-block-group formation-card has-base-2-background-color has-background is-layout-flow wp-block-group-is-layout-flow\" style=\"border-top-left-radius:0px;border-top-right-radius:0px;border-bottom-left-radius:0px;border-bottom-right-radius:0px;padding-top:18px;padding-right:20px;padding-bottom:18px;padding-left:20px;box-shadow:var(--wp--preset--shadow--natural)\">\n<div class=\"wp-block-group is-horizontal is-content-justification-left is-nowrap is-layout-flex wp-container-core-group-is-layout-7ba15d84 wp-block-group-is-layout-flex\" style=\"margin-top:0;margin-bottom:0;padding-top:0;padding-right:0;padding-bottom:0;padding-left:0\">\n<div class=\"wp-block-uagb-image uagb-block-0d7af7cf wp-block-uagb-image--layout-default wp-block-uagb-image--effect-static wp-block-uagb-image--align-none\"><figure class=\"wp-block-uagb-image__figure\"><img decoding=\"async\" srcset=\"https:\/\/sitedev.ecirtp.fr\/wp-content\/uploads\/2025\/12\/ChatGPT-Image-12-dec.-2025-09_15_44.png ,https:\/\/sitedev.ecirtp.fr\/wp-content\/uploads\/2025\/12\/ChatGPT-Image-12-dec.-2025-09_15_44.png 780w, https:\/\/sitedev.ecirtp.fr\/wp-content\/uploads\/2025\/12\/ChatGPT-Image-12-dec.-2025-09_15_44.png 360w\" sizes=\"auto, (max-width: 480px) 150px\" src=\"https:\/\/sitedev.ecirtp.fr\/wp-content\/uploads\/2025\/12\/ChatGPT-Image-12-dec.-2025-09_15_44.png\" alt=\"\" class=\"uag-image-623\" width=\"55\" height=\"55\" title=\"ChatGPT Image 12 d\u00e9c. 2025, 09_15_44\" loading=\"lazy\" role=\"img\"\/><\/figure><\/div>\n\n\n\n<h4 class=\"wp-block-heading has-text-color has-link-color wp-elements-1bb97a7347cb1f62c8f9472e9446a6c7\" style=\"color:#04549b\"><strong>Contenu de la formation<\/strong><\/h4>\n<\/div>\n\n\n\n<ul class=\"wp-block-list\">\n<li>D\u00e9panner et entretenir les installations hydrauliques<\/li>\n\n\n\n<li>D\u00e9panner et entretenir les installations pneumatiques<\/li>\n\n\n\n<li>Permettre la remise en service en s\u00e9curit\u00e9<\/li>\n<\/ul>\n\n\n\n<div class=\"wp-block-group is-horizontal is-content-justification-left is-nowrap is-layout-flex wp-container-core-group-is-layout-22ad5ecb wp-block-group-is-layout-flex\" style=\"margin-top:var(--wp--preset--spacing--10);margin-bottom:var(--wp--preset--spacing--10);padding-top:0;padding-right:0;padding-bottom:0;padding-left:0\">\n<div class=\"wp-block-uagb-image uagb-block-d8cdae28 wp-block-uagb-image--layout-default wp-block-uagb-image--effect-static wp-block-uagb-image--align-none\"><figure class=\"wp-block-uagb-image__figure\"><img decoding=\"async\" srcset=\"https:\/\/sitedev.ecirtp.fr\/wp-content\/uploads\/2025\/12\/ChatGPT-Image-12-dec.-2025-09_58_27-1.png ,https:\/\/sitedev.ecirtp.fr\/wp-content\/uploads\/2025\/12\/ChatGPT-Image-12-dec.-2025-09_58_27-1.png 780w, https:\/\/sitedev.ecirtp.fr\/wp-content\/uploads\/2025\/12\/ChatGPT-Image-12-dec.-2025-09_58_27-1.png 360w\" sizes=\"auto, (max-width: 480px) 150px\" src=\"https:\/\/sitedev.ecirtp.fr\/wp-content\/uploads\/2025\/12\/ChatGPT-Image-12-dec.-2025-09_58_27-1.png\" alt=\"\" class=\"uag-image-633\" width=\"58\" height=\"58\" title=\"ChatGPT Image 12 d\u00e9c. 2025, 09_58_27\" loading=\"lazy\" role=\"img\"\/><\/figure><\/div>\n\n\n\n<h4 class=\"wp-block-heading has-text-color has-link-color wp-elements-6845ffcf3dc81aedecd5b44c7a9164ed\" style=\"color:#04549b\"><strong>P\u00e9dagogie<\/strong><\/h4>\n<\/div>\n\n\n\n<ul class=\"wp-block-list\">\n<li>Public de x \u00e0 x personnes<\/li>\n\n\n\n<li>D\u00e9panner et entretenir les installation hydrauliques et pneumatiques <\/li>\n<\/ul>\n\n\n\n<div class=\"wp-block-group is-horizontal is-content-justification-left is-nowrap is-layout-flex wp-container-core-group-is-layout-22ad5ecb wp-block-group-is-layout-flex\" style=\"margin-top:var(--wp--preset--spacing--10);margin-bottom:var(--wp--preset--spacing--10);padding-top:0;padding-right:0;padding-bottom:0;padding-left:0\">\n<div class=\"wp-block-uagb-image uagb-block-edf0c0de wp-block-uagb-image--layout-default wp-block-uagb-image--effect-static wp-block-uagb-image--align-none\"><figure class=\"wp-block-uagb-image__figure\"><img decoding=\"async\" srcset=\"https:\/\/sitedev.ecirtp.fr\/wp-content\/uploads\/2025\/12\/ChatGPT-Image-12-dec.-2025-09_58_27-1.png ,https:\/\/sitedev.ecirtp.fr\/wp-content\/uploads\/2025\/12\/ChatGPT-Image-12-dec.-2025-09_58_27-1.png 780w, https:\/\/sitedev.ecirtp.fr\/wp-content\/uploads\/2025\/12\/ChatGPT-Image-12-dec.-2025-09_58_27-1.png 360w\" sizes=\"auto, (max-width: 480px) 150px\" src=\"https:\/\/sitedev.ecirtp.fr\/wp-content\/uploads\/2025\/12\/ChatGPT-Image-12-dec.-2025-09_58_27-1.png\" alt=\"\" class=\"uag-image-633\" width=\"58\" height=\"58\" title=\"ChatGPT Image 12 d\u00e9c. 2025, 09_58_27\" loading=\"lazy\" role=\"img\"\/><\/figure><\/div>\n\n\n\n<h4 class=\"wp-block-heading has-text-color has-link-color wp-elements-79074e62b591b493c300d16b151b5da6\" style=\"color:#04549b\"><strong>M\u00e9thode d&rsquo;\u00e9valuation<\/strong><\/h4>\n<\/div>\n\n\n\n<ul class=\"wp-block-list\">\n<li>Feuille d\u2019\u00e9margement journali\u00e8re<\/li>\n\n\n\n<li>Mise en situation et contr\u00f4le des aptitudes avec QCM<\/li>\n\n\n\n<li>Fiche de satisfaction du stagiaire en fin de session<\/li>\n\n\n\n<li>Attestation de stage<\/li>\n<\/ul>\n<\/div>\n<\/div>\n\n\n\n<div class=\"wp-block-column is-layout-flow wp-block-column-is-layout-flow\">\n<div class=\"wp-block-group formation-card has-base-2-background-color has-background is-layout-flow wp-block-group-is-layout-flow\" style=\"border-top-left-radius:0px;border-top-right-radius:0px;border-bottom-left-radius:0px;border-bottom-right-radius:0px;padding-top:18px;padding-right:20px;padding-bottom:18px;padding-left:20px;box-shadow:var(--wp--preset--shadow--natural)\">\n<div class=\"wp-block-group is-horizontal is-content-justification-left is-nowrap is-layout-flex wp-container-core-group-is-layout-7ba15d84 wp-block-group-is-layout-flex\" style=\"margin-top:0;margin-bottom:0;padding-top:0;padding-right:0;padding-bottom:0;padding-left:0\">\n<div class=\"wp-block-uagb-image uagb-block-9754fab4 wp-block-uagb-image--layout-default wp-block-uagb-image--effect-static wp-block-uagb-image--align-none\"><figure class=\"wp-block-uagb-image__figure\"><img decoding=\"async\" srcset=\"https:\/\/sitedev.ecirtp.fr\/wp-content\/uploads\/2025\/12\/ChatGPT-Image-12-dec.-2025-10_04_06.png ,https:\/\/sitedev.ecirtp.fr\/wp-content\/uploads\/2025\/12\/ChatGPT-Image-12-dec.-2025-10_04_06.png 780w, https:\/\/sitedev.ecirtp.fr\/wp-content\/uploads\/2025\/12\/ChatGPT-Image-12-dec.-2025-10_04_06.png 360w\" sizes=\"auto, (max-width: 480px) 150px\" src=\"https:\/\/sitedev.ecirtp.fr\/wp-content\/uploads\/2025\/12\/ChatGPT-Image-12-dec.-2025-10_04_06.png\" alt=\"\" class=\"uag-image-636\" width=\"58\" height=\"47\" title=\"ChatGPT Image 12 d\u00e9c. 2025, 10_04_06\" loading=\"lazy\" role=\"img\"\/><\/figure><\/div>\n\n\n\n<h4 class=\"wp-block-heading has-text-color has-link-color wp-elements-cfd2bd54442ad5a4e2cac48f6677f3e2\" style=\"color:#04549b\"><strong>Modalit\u00e9 et Acc\u00e8s<\/strong><\/h4>\n<\/div>\n\n\n\n<ul class=\"wp-block-list\">\n<li>R\u00e9ponse sous 72 heures ouvr\u00e9es.<\/li>\n\n\n\n<li>Inscription possible jusqu\u2019\u00e0 5 jours ouvr\u00e9s avant le d\u00e9but de la formation.<\/li>\n\n\n\n<li>Acc\u00e8s possible apr\u00e8s validation du devis et\/ou signature de la convention.<\/li>\n\n\n\n<li>Dans le cadre de nos formations en apprentissage, un positionnement et un entretien seront mis en \u0153uvre avant l\u2019inscription.<\/li>\n<\/ul>\n\n\n\n<div class=\"wp-block-group is-horizontal is-content-justification-left is-nowrap is-layout-flex wp-container-core-group-is-layout-22ad5ecb wp-block-group-is-layout-flex\" style=\"margin-top:var(--wp--preset--spacing--10);margin-bottom:var(--wp--preset--spacing--10);padding-top:0;padding-right:0;padding-bottom:0;padding-left:0\">\n<div class=\"wp-block-uagb-image uagb-block-72db63ce wp-block-uagb-image--layout-default wp-block-uagb-image--effect-static wp-block-uagb-image--align-none\"><figure class=\"wp-block-uagb-image__figure\"><img decoding=\"async\" srcset=\"https:\/\/sitedev.ecirtp.fr\/wp-content\/uploads\/2025\/12\/ChatGPT-Image-12-dec.-2025-10_10_06-683x1024.png ,https:\/\/sitedev.ecirtp.fr\/wp-content\/uploads\/2025\/12\/ChatGPT-Image-12-dec.-2025-10_10_06.png 780w, https:\/\/sitedev.ecirtp.fr\/wp-content\/uploads\/2025\/12\/ChatGPT-Image-12-dec.-2025-10_10_06.png 360w\" sizes=\"auto, (max-width: 480px) 150px\" src=\"https:\/\/sitedev.ecirtp.fr\/wp-content\/uploads\/2025\/12\/ChatGPT-Image-12-dec.-2025-10_10_06-683x1024.png\" alt=\"\" class=\"uag-image-638\" width=\"57\" height=\"73\" title=\"ChatGPT Image 12 d\u00e9c. 2025, 10_10_06\" loading=\"lazy\" role=\"img\"\/><\/figure><\/div>\n\n\n\n<h4 class=\"wp-block-heading has-text-color has-link-color wp-elements-056987a54e3643893f5b92b190f451fd\" style=\"color:#04549b\"><strong>Taux de satisfaction \/ R\u00e9ussite<\/strong><\/h4>\n<\/div>\n\n\n\n<ul class=\"wp-block-list\">\n<li>Public de x \u00e0 x personnes<\/li>\n\n\n\n<li>D\u00e9panner et entretenir les installation hydrauliques et pneumatiques <\/li>\n<\/ul>\n\n\n\n<div class=\"wp-block-group is-horizontal is-content-justification-left is-nowrap is-layout-flex wp-container-core-group-is-layout-22ad5ecb wp-block-group-is-layout-flex\" style=\"margin-top:var(--wp--preset--spacing--10);margin-bottom:var(--wp--preset--spacing--10);padding-top:0;padding-right:0;padding-bottom:0;padding-left:0\">\n<h4 class=\"wp-block-heading has-text-color has-link-color wp-elements-80eccdabc08f566501e99f5ab08d1df5\" style=\"color:#04549b\"><strong>Modalit\u00e9s d&rsquo;acc\u00e8s pour les personnes en situation de handicap<\/strong><\/h4>\n<\/div>\n\n\n\n<ul class=\"wp-block-list\">\n<li>R\u00e9f\u00e9rent : M.Olivier PRAT<\/li>\n\n\n\n<li>T\u00e9l\u00e9phone : 06.84.24.05.76<\/li>\n\n\n\n<li>Mail : <a href=\"mailto:olivier.prat@ecirtp.fr\">olivier.prat@ecirtp.fr<\/a><\/li>\n<\/ul>\n<\/div>\n<\/div>\n<\/div>\n<\/div>\n<\/main>\n","protected":false},"excerpt":{"rendered":"<p>Dur\u00e9e 14 heures sur 2 jours Groupe De x \u00e0 x personnes Tarif INTER : Nous consulter INTRA \u00e0 partir de x \u20ac HT \/ jour Validation Attestation de stage Objectifs Public Cible et Pr\u00e9requis Contenu de la formation P\u00e9dagogie M\u00e9thode d&rsquo;\u00e9valuation Modalit\u00e9 et Acc\u00e8s Taux de satisfaction \/ R\u00e9ussite Modalit\u00e9s d&rsquo;acc\u00e8s pour les personnes [&hellip;]<\/p>\n","protected":false},"author":2,"featured_media":0,"parent":0,"menu_order":0,"comment_status":"closed","ping_status":"closed","template":"mod-le-formation","meta":{"_acf_changed":false,"_uag_custom_page_level_css":"","footnotes":""},"class_list":["post-525","page","type-page","status-publish","hentry"],"acf":[],"uagb_featured_image_src":{"full":false,"thumbnail":false,"medium":false,"medium_large":false,"large":false,"1536x1536":false,"2048x2048":false},"uagb_author_info":{"display_name":"Xavier Trouche","author_link":"https:\/\/sitedev.ecirtp.fr\/index.php\/author\/xavier-trouche\/"},"uagb_comment_info":0,"uagb_excerpt":"Dur\u00e9e 14 heures sur 2 jours Groupe De x \u00e0 x personnes Tarif INTER : Nous consulter INTRA \u00e0 partir de x \u20ac HT \/ jour Validation Attestation de stage Objectifs Public Cible et Pr\u00e9requis Contenu de la formation P\u00e9dagogie M\u00e9thode d&rsquo;\u00e9valuation Modalit\u00e9 et Acc\u00e8s Taux de satisfaction \/ R\u00e9ussite Modalit\u00e9s d&rsquo;acc\u00e8s pour les personnes\u2026","_links":{"self":[{"href":"https:\/\/sitedev.ecirtp.fr\/index.php\/wp-json\/wp\/v2\/pages\/525","targetHints":{"allow":["GET"]}}],"collection":[{"href":"https:\/\/sitedev.ecirtp.fr\/index.php\/wp-json\/wp\/v2\/pages"}],"about":[{"href":"https:\/\/sitedev.ecirtp.fr\/index.php\/wp-json\/wp\/v2\/types\/page"}],"author":[{"embeddable":true,"href":"https:\/\/sitedev.ecirtp.fr\/index.php\/wp-json\/wp\/v2\/users\/2"}],"replies":[{"embeddable":true,"href":"https:\/\/sitedev.ecirtp.fr\/index.php\/wp-json\/wp\/v2\/comments?post=525"}],"version-history":[{"count":29,"href":"https:\/\/sitedev.ecirtp.fr\/index.php\/wp-json\/wp\/v2\/pages\/525\/revisions"}],"predecessor-version":[{"id":1055,"href":"https:\/\/sitedev.ecirtp.fr\/index.php\/wp-json\/wp\/v2\/pages\/525\/revisions\/1055"}],"wp:attachment":[{"href":"https:\/\/sitedev.ecirtp.fr\/index.php\/wp-json\/wp\/v2\/media?parent=525"}],"curies":[{"name":"wp","href":"https:\/\/api.w.org\/{rel}","templated":true}]}}