{"id":390,"date":"2025-12-11T08:16:46","date_gmt":"2025-12-11T07:16:46","guid":{"rendered":"https:\/\/sitedev.ecirtp.fr\/?page_id=390"},"modified":"2025-12-11T09:36:14","modified_gmt":"2025-12-11T08:36:14","slug":"recrutement","status":"publish","type":"page","link":"https:\/\/sitedev.ecirtp.fr\/index.php\/recrutement\/","title":{"rendered":"Recrutement"},"content":{"rendered":"\n<div class=\"wp-block-columns is-layout-flex wp-container-core-columns-is-layout-28f84493 wp-block-columns-is-layout-flex\">\n<div class=\"wp-block-column col-equal is-layout-flow wp-block-column-is-layout-flow\" style=\"box-shadow:none\">\n<div class=\"wp-block-group col-equal has-border-color has-contrast-3-border-color has-base-2-color has-base-2-background-color has-text-color has-background has-link-color wp-elements-60bdc1cfc871a46954c914b9cc6efe8d is-content-justification-center is-nowrap is-layout-flex wp-container-core-group-is-layout-82d73891 wp-block-group-is-layout-flex\" style=\"border-width:1px;border-top-left-radius:15px;border-top-right-radius:15px;border-bottom-left-radius:15px;border-bottom-right-radius:15px;margin-top:0;margin-bottom:0;padding-top:var(--wp--preset--spacing--10);padding-right:var(--wp--preset--spacing--10);padding-bottom:var(--wp--preset--spacing--10);padding-left:var(--wp--preset--spacing--10);box-shadow:var(--wp--preset--shadow--natural)\">\n<div class=\"wp-block-group is-vertical is-content-justification-center is-layout-flex wp-container-core-group-is-layout-c9e688bc wp-block-group-is-layout-flex\" style=\"border-style:none;border-width:0px;min-height:0px;margin-top:var(--wp--preset--spacing--10);margin-bottom:var(--wp--preset--spacing--10);padding-top:0;padding-right:var(--wp--preset--spacing--10);padding-bottom:0;padding-left:var(--wp--preset--spacing--10)\">\n<div class=\"wp-block-group has-contrast-color has-text-color has-link-color wp-elements-265ba8079ea1b16aa2779a80df13f625 has-global-padding is-layout-constrained wp-block-group-is-layout-constrained\">\n<div class=\"wp-block-columns is-layout-flex wp-container-core-columns-is-layout-28f84493 wp-block-columns-is-layout-flex\">\n<div class=\"wp-block-column is-layout-flow wp-block-column-is-layout-flow\" style=\"flex-basis:100%\">\n<h3 class=\"wp-block-heading\"><strong data-start=\"3263\" data-end=\"3290\">Nos offres d&#8217;emploi<\/strong><\/h3>\n\n\n\n<div class=\"wp-block-columns is-layout-flex wp-container-core-columns-is-layout-28f84493 wp-block-columns-is-layout-flex\">\n<div class=\"wp-block-column has-base-2-color has-text-color has-link-color wp-elements-d7eab8662dea856da822d3465e4d679b is-layout-flow wp-container-core-column-is-layout-632c9269 wp-block-column-is-layout-flow\" style=\"border-width:2px;border-top-left-radius:15px;border-top-right-radius:15px;border-bottom-left-radius:15px;border-bottom-right-radius:15px;padding-top:var(--wp--preset--spacing--10);padding-right:var(--wp--preset--spacing--10);padding-bottom:var(--wp--preset--spacing--10);padding-left:var(--wp--preset--spacing--10);box-shadow:var(--wp--preset--shadow--natural);flex-basis:100%\">\n<h2 class=\"wp-block-heading has-text-align-left has-contrast-color has-text-color has-link-color has-medium-font-size wp-elements-720aa9f7dcd7bac3926b8eacab9b0bc4\"><strong>Un\u00a0Enseignant en technologie Canalisation\u00a0(H\/F, CDI)<\/strong><br><br>CV et lettre de motivation :\u00a0recrutement@ecirtp.com\u00a0ou via le formulaire ci-contre<\/h2>\n<\/div>\n<\/div>\n\n\n\n<div class=\"wp-block-columns is-layout-flex wp-container-core-columns-is-layout-28f84493 wp-block-columns-is-layout-flex\">\n<div class=\"wp-block-column has-base-2-color has-text-color has-link-color wp-elements-71d5acff092f38f826fd815d6b939cf8 is-layout-flow wp-container-core-column-is-layout-632c9269 wp-block-column-is-layout-flow\" style=\"border-width:2px;border-top-left-radius:15px;border-top-right-radius:15px;border-bottom-left-radius:15px;border-bottom-right-radius:15px;padding-top:var(--wp--preset--spacing--10);padding-right:var(--wp--preset--spacing--10);padding-bottom:var(--wp--preset--spacing--10);padding-left:var(--wp--preset--spacing--10);box-shadow:var(--wp--preset--shadow--natural);flex-basis:100%\">\n<h2 class=\"wp-block-heading has-text-align-left has-contrast-color has-text-color has-link-color has-medium-font-size wp-elements-551adb435aff498276495a102a7bacbd\">Un\u00a0<strong>Enseignant pratique Canalisation<\/strong>\u00a0(H\/F, CDI)<br><br>CV et lettre de motivation :\u00a0recrutement@ecirtp.com\u00a0ou via le formulaire ci-contre<\/h2>\n<\/div>\n<\/div>\n\n\n\n<div class=\"wp-block-columns is-layout-flex wp-container-core-columns-is-layout-28f84493 wp-block-columns-is-layout-flex\">\n<div class=\"wp-block-column has-base-2-color has-text-color has-link-color wp-elements-d7be64ebe985329f1127cb033c2dd310 is-layout-flow wp-container-core-column-is-layout-632c9269 wp-block-column-is-layout-flow\" style=\"border-width:2px;border-top-left-radius:15px;border-top-right-radius:15px;border-bottom-left-radius:15px;border-bottom-right-radius:15px;padding-top:var(--wp--preset--spacing--10);padding-right:var(--wp--preset--spacing--10);padding-bottom:var(--wp--preset--spacing--10);padding-left:var(--wp--preset--spacing--10);box-shadow:var(--wp--preset--shadow--natural);flex-basis:100%\">\n<h2 class=\"wp-block-heading has-text-align-left has-contrast-color has-text-color has-link-color has-medium-font-size wp-elements-a27ffe03a4d8d23790310360b93a1f37\">Un(e) Enseignant(e) Sciences Physiques (H\/F, CDI)<br><\/h2>\n\n\n\n<p class=\"has-text-align-left has-contrast-color has-text-color has-link-color wp-elements-eafb2ab7f495bf72d412b5b7decba3ce\">CV et lettre de motivation : recrutement@ecirtp.com ou via le formulaire ci-contre<\/p>\n<\/div>\n<\/div>\n\n\n\n<div class=\"wp-block-columns is-layout-flex wp-container-core-columns-is-layout-28f84493 wp-block-columns-is-layout-flex\">\n<div class=\"wp-block-column has-base-2-color has-text-color has-link-color wp-elements-e32a7c8a1f1cf25a22a2ba360b1224ad is-layout-flow wp-container-core-column-is-layout-632c9269 wp-block-column-is-layout-flow\" style=\"border-width:2px;border-top-left-radius:15px;border-top-right-radius:15px;border-bottom-left-radius:15px;border-bottom-right-radius:15px;padding-top:var(--wp--preset--spacing--10);padding-right:var(--wp--preset--spacing--10);padding-bottom:var(--wp--preset--spacing--10);padding-left:var(--wp--preset--spacing--10);box-shadow:var(--wp--preset--shadow--natural);flex-basis:100%\">\n<h2 class=\"wp-block-heading has-text-align-left has-contrast-color has-text-color has-link-color has-medium-font-size wp-elements-e695ccf84fe78d11bd517ae85297f7b9\">Un(e)\u00a0<strong>Enseignant Maintenance des Mat\u00e9riels\u00a0<\/strong>(H\/F, CDI)<br><\/h2>\n\n\n\n<p class=\"has-text-align-left has-contrast-color has-text-color has-link-color wp-elements-8ce04d0a1f8f8e0877252d1532bb3c90\">CV et lettre de motivation :\u00a0recrutement@ecirtp.com\u00a0ou via le formulaire ci-contre<\/p>\n<\/div>\n<\/div>\n<\/div>\n<\/div>\n<\/div>\n<\/div>\n<\/div>\n<\/div>\n\n\n\n<div class=\"wp-block-column is-layout-flow wp-block-column-is-layout-flow\" style=\"box-shadow:none\">\n<div class=\"wp-block-group has-border-color has-accent-5-border-color has-contrast-color has-text-color has-background has-link-color has-small-font-size wp-elements-933f5a350206a32fb5da17afbd0fba65 is-vertical is-content-justification-stretch is-nowrap is-layout-flex wp-container-core-group-is-layout-75e4fc88 wp-block-group-is-layout-flex\" style=\"border-width:1px;border-top-left-radius:12px;border-top-right-radius:12px;border-bottom-left-radius:12px;border-bottom-right-radius:12px;background:linear-gradient(180deg,rgb(70,117,159) 48%,rgb(255,255,255) 57%);min-height:0px;margin-top:0;margin-bottom:0;padding-top:20px;padding-right:20px;padding-bottom:20px;padding-left:20px;box-shadow:var(--wp--preset--shadow--natural)\">\n<div class=\"wp-block-columns is-layout-flex wp-container-core-columns-is-layout-28f84493 wp-block-columns-is-layout-flex\">\n<div class=\"wp-block-column is-layout-flow wp-block-column-is-layout-flow\" style=\"flex-basis:100%\">\n<div class=\"wp-block-columns is-layout-flex wp-container-core-columns-is-layout-cf11448d wp-block-columns-is-layout-flex\" style=\"margin-top:var(--wp--preset--spacing--20);margin-bottom:var(--wp--preset--spacing--20)\">\n<div class=\"wp-block-column is-layout-flow wp-block-column-is-layout-flow\" style=\"flex-basis:100%\">\n<div class=\"wp-block-columns has-base-2-color has-text-color has-link-color wp-elements-298ba39e0ef0f2c9f8b36c65fbd237fa is-layout-flex wp-container-core-columns-is-layout-28f84493 wp-block-columns-is-layout-flex\">\n<div class=\"wp-block-column is-layout-flow wp-block-column-is-layout-flow\" style=\"flex-basis:100%\">\n<div class=\"wp-block-columns has-base-2-color has-text-color has-link-color wp-elements-7df00e7f4c940e94c511e600f604dc0b is-layout-flex wp-container-core-columns-is-layout-28f84493 wp-block-columns-is-layout-flex\">\n<div class=\"wp-block-column is-layout-flow wp-block-column-is-layout-flow\" style=\"flex-basis:100%\">\n<h1 class=\"wp-block-heading has-text-align-center is-style-default has-x-large-font-size has-base-2-color has-text-color has-link-color wp-elements-881e48dc374cae48941ff5f5433a1812\"><strong>Recrutement<\/strong><\/h1>\n<\/div>\n<\/div>\n<\/div>\n<\/div>\n<\/div>\n<\/div>\n<\/div>\n<\/div>\n\n\n\n<div class=\"wp-block-columns has-base-2-background-color has-background is-layout-flex wp-container-core-columns-is-layout-912c2762 wp-block-columns-is-layout-flex\" style=\"border-top-left-radius:10px;border-top-right-radius:10px;border-bottom-left-radius:10px;border-bottom-right-radius:10px;margin-top:0;margin-bottom:0;padding-right:0;padding-left:0;box-shadow:var(--wp--preset--shadow--natural)\">\n<div class=\"wp-block-column is-layout-flow wp-block-column-is-layout-flow\" style=\"flex-basis:100%\">\n<div class=\"forminator-guttenberg\"><div class=\"forminator-ui forminator-custom-form forminator-custom-form-396 forminator-design--flat forminator-enclosed forminator_ajax\" data-forminator-render=\"0\" data-form=\"forminator-module-396\" data-uid=\"69d69c04213e6\"><br\/><\/div><form\n\t\t\t\tid=\"forminator-module-396\"\n\t\t\t\tclass=\"forminator-ui forminator-custom-form forminator-custom-form-396 forminator-design--flat forminator-enclosed forminator_ajax\"\n\t\t\t\tmethod=\"post\"\n\t\t\t\tdata-forminator-render=\"0\"\n\t\t\t\tdata-form-id=\"396\"\n\t\t\t\tenctype=\"multipart\/form-data\" data-color-option=\"theme\" data-design=\"flat\" data-grid=\"enclosed\" style=\"display: none;\"\n\t\t\t\tdata-uid=\"69d69c04213e6\"\n\t\t\t><div role=\"alert\" aria-live=\"polite\" class=\"forminator-response-message forminator-error\" aria-hidden=\"true\"><\/div><div class=\"forminator-row\"><div id=\"name-1\" class=\"forminator-field-name forminator-col forminator-col-6 \"><div class=\"forminator-field\"><label for=\"forminator-field-name-1_69d69c04213e6\" id=\"forminator-field-name-1_69d69c04213e6-label\" class=\"forminator-label\">Nom <span class=\"forminator-required\">*<\/span><\/label><input type=\"text\" name=\"name-1\" value=\"\" placeholder=\"\" id=\"forminator-field-name-1_69d69c04213e6\" class=\"forminator-input forminator-name--field\" aria-required=\"true\" autocomplete=\"name\" \/><\/div><\/div><div id=\"name-2\" class=\"forminator-field-name forminator-col forminator-col-6 \"><div class=\"forminator-field\"><label for=\"forminator-field-name-2_69d69c04213e6\" id=\"forminator-field-name-2_69d69c04213e6-label\" class=\"forminator-label\">Pr\u00e9nom <span class=\"forminator-required\">*<\/span><\/label><input type=\"text\" name=\"name-2\" value=\"\" placeholder=\"\" id=\"forminator-field-name-2_69d69c04213e6\" class=\"forminator-input forminator-name--field\" aria-required=\"true\" autocomplete=\"name\" \/><\/div><\/div><\/div><div class=\"forminator-row\"><div id=\"email-1\" class=\"forminator-field-email forminator-col forminator-col-6 \"><div class=\"forminator-field\"><label for=\"forminator-field-email-1_69d69c04213e6\" id=\"forminator-field-email-1_69d69c04213e6-label\" class=\"forminator-label\">Email <span class=\"forminator-required\">*<\/span><\/label><input type=\"email\" name=\"email-1\" value=\"\" placeholder=\"\" id=\"forminator-field-email-1_69d69c04213e6\" class=\"forminator-input forminator-email--field\" data-required=\"1\" aria-required=\"true\" autocomplete=\"email\" \/><\/div><\/div><div id=\"phone-1\" class=\"forminator-field-phone forminator-col forminator-col-6 \"><div class=\"forminator-field\"><label for=\"forminator-field-phone-1_69d69c04213e6\" id=\"forminator-field-phone-1_69d69c04213e6-label\" class=\"forminator-label\">T\u00e9l\u00e9phone<\/label><input type=\"text\" name=\"phone-1\" value=\"\" placeholder=\"\" id=\"forminator-field-phone-1_69d69c04213e6\" class=\"forminator-input forminator-field--phone\" data-required=\"\" aria-required=\"false\" autocomplete=\"off\" \/><\/div><\/div><\/div><div class=\"forminator-row\"><div id=\"select-1\" class=\"forminator-field-select forminator-col forminator-col-12 \"><div class=\"forminator-field\"><label for=\"forminator-form-396__field--select-1_69d69c04213e6\" id=\"forminator-form-396__field--select-1_69d69c04213e6-label\" class=\"forminator-label\">Votre demande concerne : <span class=\"forminator-required\">*<\/span><\/label><select  id=\"forminator-form-396__field--select-1_69d69c04213e6\" class=\"forminator-select--field forminator-select2 forminator-select2-multiple\" data-required=\"1\" name=\"select-1\" data-default-value=\"two\" data-hidden-behavior=\"zero\" data-placeholder=\"Choisissez la source de vos probl\u00e8mes\" data-search=\"false\" data-search-placeholder=\"Choisissez la source de vos probl\u00e8mes\" data-checkbox=\"false\" data-allow-clear=\"false\" aria-labelledby=\"forminator-form-396__field--select-1_69d69c04213e6-label\"><option value=\"\"  >Choisissez la source de vos probl\u00e8mes<\/option><option value=\"one\"  data-calculation=\"0\">Candidature Spontann\u00e9e<\/option><option value=\"two\" selected=\"selected\" data-calculation=\"0\">R\u00e9pondre a une offre existante<\/option><\/select><\/div><\/div><\/div><div class=\"forminator-row\"><div id=\"name-3\" class=\"forminator-field-name forminator-col forminator-col-12 \"><div class=\"forminator-field\"><label for=\"forminator-field-name-3_69d69c04213e6\" id=\"forminator-field-name-3_69d69c04213e6-label\" class=\"forminator-label\">Intitul\u00e9 de l&#039;offre<\/label><input type=\"text\" name=\"name-3\" value=\"\" placeholder=\"\" id=\"forminator-field-name-3_69d69c04213e6\" class=\"forminator-input forminator-name--field\" aria-required=\"false\" autocomplete=\"name\" \/><\/div><\/div><\/div><div class=\"forminator-row\"><div id=\"upload-1\" class=\"forminator-field-upload forminator-col forminator-col-6 \"><div class=\"forminator-field\"><label for=\"forminator-field-upload-1_69d69c04213e6\" id=\"forminator-field-upload-1_69d69c04213e6-label\" class=\"forminator-label\">Cv <span class=\"forminator-required\">*<\/span><\/label><div class=\"forminator-file-upload \" data-element=\"upload-1_69d69c04213e6\"><input type=\"file\" name=\"upload-1\" id=\"forminator-field-upload-1_69d69c04213e6\" class=\"forminator-input-file-required do-validate\" accept=\".jpg,.jpeg,.jpe,.gif,.png,.bmp,.tiff,.tif,.webp,.avif,.ico,.heic,.heif,.heics,.heifs,.asf,.asx,.wmv,.wmx,.wm,.avi,.divx,.flv,.mov,.qt,.mpeg,.mpg,.mpe,.mp4,.m4v,.ogv,.webm,.mkv,.3gp,.3gpp,.3g2,.3gp2,.txt,.asc,.c,.cc,.h,.srt,.csv,.tsv,.ics,.rtx,.vtt,.mp3,.m4a,.m4b,.aac,.ra,.ram,.wav,.x-wav,.ogg,.oga,.flac,.mid,.midi,.wma,.wax,.mka,.rtf,.pdf,.class,.tar,.zip,.gz,.gzip,.7z,.psd,.xcf,.doc,.pot,.pps,.ppt,.wri,.xla,.xls,.xlt,.xlw,.mdb,.mpp,.docx,.docm,.dotx,.dotm,.xlsx,.xlsm,.xlsb,.xltx,.xltm,.xlam,.pptx,.pptm,.ppsx,.ppsm,.potx,.potm,.ppam,.sldx,.sldm,.onetoc,.onetoc2,.onetmp,.onepkg,.oxps,.xps,.odt,.odp,.ods,.odg,.odc,.odb,.odf,.wp,.wpd,.key,.numbers,.pages\" tabindex=\"-1\"><button id=\"forminator-field-upload-1_69d69c04213e6_button\" class=\"forminator-button forminator-button-upload\" data-id=\"forminator-field-upload-1_69d69c04213e6\">Choisissez un fichier<\/button><span data-empty-text=\"Aucun fichier s\u00e9lectionn\u00e9\">Aucun fichier s\u00e9lectionn\u00e9<\/span><button class=\"forminator-button-delete\" style=\"display: none;\"><i class=\"forminator-icon-close\" aria-hidden=\"true\"><\/i><span class=\"forminator-screen-reader-only\">Supprimer le fichier t\u00e9l\u00e9vers\u00e9<\/span><\/button><\/div><\/div><\/div><div id=\"upload-2\" class=\"forminator-field-upload forminator-col forminator-col-6 \"><div class=\"forminator-field\"><label for=\"forminator-field-upload-2_69d69c04213e6\" id=\"forminator-field-upload-2_69d69c04213e6-label\" class=\"forminator-label\">Lettre de motivation<\/label><div class=\"forminator-file-upload \" data-element=\"upload-2_69d69c04213e6\"><input type=\"file\" name=\"upload-2\" id=\"forminator-field-upload-2_69d69c04213e6\" class=\"forminator-input-file\" accept=\".jpg,.jpeg,.jpe,.gif,.png,.bmp,.tiff,.tif,.webp,.avif,.ico,.heic,.heif,.heics,.heifs,.asf,.asx,.wmv,.wmx,.wm,.avi,.divx,.flv,.mov,.qt,.mpeg,.mpg,.mpe,.mp4,.m4v,.ogv,.webm,.mkv,.3gp,.3gpp,.3g2,.3gp2,.txt,.asc,.c,.cc,.h,.srt,.csv,.tsv,.ics,.rtx,.vtt,.mp3,.m4a,.m4b,.aac,.ra,.ram,.wav,.x-wav,.ogg,.oga,.flac,.mid,.midi,.wma,.wax,.mka,.rtf,.pdf,.class,.tar,.zip,.gz,.gzip,.7z,.psd,.xcf,.doc,.pot,.pps,.ppt,.wri,.xla,.xls,.xlt,.xlw,.mdb,.mpp,.docx,.docm,.dotx,.dotm,.xlsx,.xlsm,.xlsb,.xltx,.xltm,.xlam,.pptx,.pptm,.ppsx,.ppsm,.potx,.potm,.ppam,.sldx,.sldm,.onetoc,.onetoc2,.onetmp,.onepkg,.oxps,.xps,.odt,.odp,.ods,.odg,.odc,.odb,.odf,.wp,.wpd,.key,.numbers,.pages\" tabindex=\"-1\"><button id=\"forminator-field-upload-2_69d69c04213e6_button\" class=\"forminator-button forminator-button-upload\" data-id=\"forminator-field-upload-2_69d69c04213e6\">Choisissez un fichier<\/button><span data-empty-text=\"Aucun fichier s\u00e9lectionn\u00e9\">Aucun fichier s\u00e9lectionn\u00e9<\/span><button class=\"forminator-button-delete\" style=\"display: none;\"><i class=\"forminator-icon-close\" aria-hidden=\"true\"><\/i><span class=\"forminator-screen-reader-only\">Supprimer le fichier t\u00e9l\u00e9vers\u00e9<\/span><\/button><\/div><\/div><\/div><\/div><div class=\"forminator-row\"><div id=\"checkbox-1\" class=\"forminator-field-checkbox forminator-col forminator-col-12 \"><div role=\"group\" class=\"forminator-field required\" aria-labelledby=\"forminator-checkbox-group-forminator-field-checkbox-1-69d69c04213e6-label\"><label id=\"forminator-field-checkbox-1-1-69d69c04213e6-label\" for=\"forminator-field-checkbox-1-1-69d69c04213e6\" class=\"forminator-checkbox\" title=\"J&#039;accepte le traitement de mes donn\u00e9es conform\u00e9ment au RGPD\"><input type=\"checkbox\" name=\"checkbox-1[]\" value=\"two\" id=\"forminator-field-checkbox-1-1-69d69c04213e6\" aria-labelledby=\"forminator-field-checkbox-1-1-69d69c04213e6-label\" data-calculation=\"0\"   data-hidden-behavior=\"zero\"\/><span class=\"forminator-checkbox-box\" aria-hidden=\"true\"><\/span><span class=\"forminator-checkbox-label\">J'accepte le traitement de mes donn\u00e9es conform\u00e9ment au RGPD<\/span><\/label><\/div><\/div><\/div><input type=\"hidden\" name=\"referer_url\" value=\"\" \/><div class=\"forminator-row forminator-row-last\"><div class=\"forminator-col\"><div class=\"forminator-field\"><button class=\"forminator-button forminator-button-submit\">Envoyer ma demande<\/button><\/div><\/div><\/div><input type=\"hidden\" id=\"forminator_nonce\" name=\"forminator_nonce\" value=\"2365298b62\" \/><input type=\"hidden\" name=\"_wp_http_referer\" value=\"\/index.php\/wp-json\/wp\/v2\/pages\/390\" \/><input type=\"hidden\" name=\"form_id\" value=\"396\"><input type=\"hidden\" name=\"page_id\" value=\"390\"><input type=\"hidden\" name=\"form_type\" value=\"default\"><input type=\"hidden\" name=\"current_url\" value=\"https:\/\/sitedev.ecirtp.fr\/index.php\/recrutement\/\"><input type=\"hidden\" name=\"render_id\" value=\"0\"><input type=\"hidden\" name=\"action\" value=\"forminator_submit_form_custom-forms\"><\/form><\/div>\n<\/div>\n<\/div>\n<\/div>\n<\/div>\n<\/div>\n\n\n\n<p><\/p>\n","protected":false},"excerpt":{"rendered":"<p>Nos offres d&#8217;emploi Un\u00a0Enseignant en technologie Canalisation\u00a0(H\/F, CDI) CV et lettre de motivation :\u00a0recrutement@ecirtp.com\u00a0ou via le formulaire ci-contre Un\u00a0Enseignant pratique Canalisation\u00a0(H\/F, CDI) CV et lettre de motivation :\u00a0recrutement@ecirtp.com\u00a0ou via le formulaire ci-contre Un(e) Enseignant(e) Sciences Physiques (H\/F, CDI) CV et lettre de motivation : recrutement@ecirtp.com ou via le formulaire ci-contre Un(e)\u00a0Enseignant Maintenance des Mat\u00e9riels\u00a0(H\/F, CDI) [&hellip;]<\/p>\n","protected":false},"author":2,"featured_media":0,"parent":0,"menu_order":0,"comment_status":"closed","ping_status":"closed","template":"","meta":{"_acf_changed":false,"_uag_custom_page_level_css":"","footnotes":""},"class_list":["post-390","page","type-page","status-publish","hentry"],"acf":[],"uagb_featured_image_src":{"full":false,"thumbnail":false,"medium":false,"medium_large":false,"large":false,"1536x1536":false,"2048x2048":false},"uagb_author_info":{"display_name":"Xavier Trouche","author_link":"https:\/\/sitedev.ecirtp.fr\/index.php\/author\/xavier-trouche\/"},"uagb_comment_info":0,"uagb_excerpt":"Nos offres d&#8217;emploi Un\u00a0Enseignant en technologie Canalisation\u00a0(H\/F, CDI) CV et lettre de motivation :\u00a0recrutement@ecirtp.com\u00a0ou via le formulaire ci-contre Un\u00a0Enseignant pratique Canalisation\u00a0(H\/F, CDI) CV et lettre de motivation :\u00a0recrutement@ecirtp.com\u00a0ou via le formulaire ci-contre Un(e) Enseignant(e) Sciences Physiques (H\/F, CDI) CV et lettre de motivation : recrutement@ecirtp.com ou via le formulaire ci-contre Un(e)\u00a0Enseignant Maintenance des Mat\u00e9riels\u00a0(H\/F, CDI)\u2026","_links":{"self":[{"href":"https:\/\/sitedev.ecirtp.fr\/index.php\/wp-json\/wp\/v2\/pages\/390","targetHints":{"allow":["GET"]}}],"collection":[{"href":"https:\/\/sitedev.ecirtp.fr\/index.php\/wp-json\/wp\/v2\/pages"}],"about":[{"href":"https:\/\/sitedev.ecirtp.fr\/index.php\/wp-json\/wp\/v2\/types\/page"}],"author":[{"embeddable":true,"href":"https:\/\/sitedev.ecirtp.fr\/index.php\/wp-json\/wp\/v2\/users\/2"}],"replies":[{"embeddable":true,"href":"https:\/\/sitedev.ecirtp.fr\/index.php\/wp-json\/wp\/v2\/comments?post=390"}],"version-history":[{"count":13,"href":"https:\/\/sitedev.ecirtp.fr\/index.php\/wp-json\/wp\/v2\/pages\/390\/revisions"}],"predecessor-version":[{"id":411,"href":"https:\/\/sitedev.ecirtp.fr\/index.php\/wp-json\/wp\/v2\/pages\/390\/revisions\/411"}],"wp:attachment":[{"href":"https:\/\/sitedev.ecirtp.fr\/index.php\/wp-json\/wp\/v2\/media?parent=390"}],"curies":[{"name":"wp","href":"https:\/\/api.w.org\/{rel}","templated":true}]}}