{"id":177,"date":"2025-12-10T09:52:01","date_gmt":"2025-12-10T08:52:01","guid":{"rendered":"https:\/\/sitedev.ecirtp.fr\/?page_id=177"},"modified":"2025-12-11T09:34:32","modified_gmt":"2025-12-11T08:34:32","slug":"contact","status":"publish","type":"page","link":"https:\/\/sitedev.ecirtp.fr\/index.php\/contact\/","title":{"rendered":"Contact"},"content":{"rendered":"\n<div class=\"wp-block-columns is-layout-flex wp-container-core-columns-is-layout-28f84493 wp-block-columns-is-layout-flex\">\n<div class=\"wp-block-column is-layout-flow wp-block-column-is-layout-flow\" style=\"box-shadow:none\">\n<div class=\"wp-block-group has-border-color has-accent-5-border-color has-contrast-color has-text-color has-background has-link-color has-small-font-size wp-elements-0605d773cb2aa291f264c26526a55ea4 is-vertical is-content-justification-stretch is-nowrap is-layout-flex wp-container-core-group-is-layout-75e4fc88 wp-block-group-is-layout-flex\" style=\"border-width:1px;border-top-left-radius:12px;border-top-right-radius:12px;border-bottom-left-radius:12px;border-bottom-right-radius:12px;background:linear-gradient(180deg,rgb(70,117,159) 48%,rgb(255,255,255) 57%);min-height:0px;margin-top:0;margin-bottom:0;padding-top:20px;padding-right:20px;padding-bottom:20px;padding-left:20px;box-shadow:var(--wp--preset--shadow--natural)\">\n<div class=\"wp-block-columns is-layout-flex wp-container-core-columns-is-layout-28f84493 wp-block-columns-is-layout-flex\">\n<div class=\"wp-block-column is-layout-flow wp-block-column-is-layout-flow\" style=\"flex-basis:100%\">\n<div class=\"wp-block-columns is-layout-flex wp-container-core-columns-is-layout-cf11448d wp-block-columns-is-layout-flex\" style=\"margin-top:var(--wp--preset--spacing--20);margin-bottom:var(--wp--preset--spacing--20)\">\n<div class=\"wp-block-column is-layout-flow wp-block-column-is-layout-flow\" style=\"flex-basis:100%\">\n<div class=\"wp-block-columns has-base-2-color has-text-color has-link-color wp-elements-0af67e35a515debe7dcb6eac3cef9884 is-layout-flex wp-container-core-columns-is-layout-28f84493 wp-block-columns-is-layout-flex\">\n<div class=\"wp-block-column is-layout-flow wp-block-column-is-layout-flow\" style=\"flex-basis:100%\">\n<div class=\"wp-block-columns has-base-2-color has-text-color has-link-color wp-elements-a585e70178fc9096d3b22909d3205eaf is-layout-flex wp-container-core-columns-is-layout-28f84493 wp-block-columns-is-layout-flex\">\n<div class=\"wp-block-column is-layout-flow wp-block-column-is-layout-flow\" style=\"flex-basis:100%\">\n<h1 class=\"wp-block-heading has-text-align-center is-style-default has-x-large-font-size has-base-2-color has-text-color has-link-color wp-elements-6c3d287c0a1bb096e7f87ce5c4555471\"><strong>Contactez Nous<\/strong><\/h1>\n\n\n\n<p class=\"has-text-align-center\">Nous vous r\u00e9pondrons rapidement&nbsp;<\/p>\n<\/div>\n<\/div>\n<\/div>\n<\/div>\n<\/div>\n<\/div>\n<\/div>\n<\/div>\n\n\n\n<div class=\"wp-block-columns has-base-2-background-color has-background is-layout-flex wp-container-core-columns-is-layout-912c2762 wp-block-columns-is-layout-flex\" style=\"border-top-left-radius:10px;border-top-right-radius:10px;border-bottom-left-radius:10px;border-bottom-right-radius:10px;margin-top:0;margin-bottom:0;padding-right:0;padding-left:0;box-shadow:var(--wp--preset--shadow--natural)\">\n<div class=\"wp-block-column is-layout-flow wp-block-column-is-layout-flow\" style=\"flex-basis:100%\">\n<div class=\"forminator-guttenberg\"><div class=\"forminator-ui forminator-custom-form forminator-custom-form-253 forminator-design--flat forminator-enclosed forminator_ajax\" data-forminator-render=\"0\" data-form=\"forminator-module-253\" data-uid=\"69d6869959b05\"><br\/><\/div><form\n\t\t\t\tid=\"forminator-module-253\"\n\t\t\t\tclass=\"forminator-ui forminator-custom-form forminator-custom-form-253 forminator-design--flat forminator-enclosed forminator_ajax\"\n\t\t\t\tmethod=\"post\"\n\t\t\t\tdata-forminator-render=\"0\"\n\t\t\t\tdata-form-id=\"253\"\n\t\t\t\tenctype=\"multipart\/form-data\" data-color-option=\"theme\" data-design=\"flat\" data-grid=\"enclosed\" style=\"display: none;\"\n\t\t\t\tdata-uid=\"69d6869959b05\"\n\t\t\t><div role=\"alert\" aria-live=\"polite\" class=\"forminator-response-message forminator-error\" aria-hidden=\"true\"><\/div><div class=\"forminator-row\"><div id=\"name-1\" class=\"forminator-field-name forminator-col forminator-col-6 \"><div class=\"forminator-field\"><label for=\"forminator-field-name-1_69d6869959b05\" id=\"forminator-field-name-1_69d6869959b05-label\" class=\"forminator-label\">Nom <span class=\"forminator-required\">*<\/span><\/label><input type=\"text\" name=\"name-1\" value=\"\" placeholder=\"\" id=\"forminator-field-name-1_69d6869959b05\" class=\"forminator-input forminator-name--field\" aria-required=\"true\" autocomplete=\"name\" \/><\/div><\/div><div id=\"name-2\" class=\"forminator-field-name forminator-col forminator-col-6 \"><div class=\"forminator-field\"><label for=\"forminator-field-name-2_69d6869959b05\" id=\"forminator-field-name-2_69d6869959b05-label\" class=\"forminator-label\">Pr\u00e9nom <span class=\"forminator-required\">*<\/span><\/label><input type=\"text\" name=\"name-2\" value=\"\" placeholder=\"\" id=\"forminator-field-name-2_69d6869959b05\" class=\"forminator-input forminator-name--field\" aria-required=\"true\" autocomplete=\"name\" \/><\/div><\/div><\/div><div class=\"forminator-row\"><div id=\"email-1\" class=\"forminator-field-email forminator-col forminator-col-6 \"><div class=\"forminator-field\"><label for=\"forminator-field-email-1_69d6869959b05\" id=\"forminator-field-email-1_69d6869959b05-label\" class=\"forminator-label\">Email <span class=\"forminator-required\">*<\/span><\/label><input type=\"email\" name=\"email-1\" value=\"\" placeholder=\"\" id=\"forminator-field-email-1_69d6869959b05\" class=\"forminator-input forminator-email--field\" data-required=\"1\" aria-required=\"true\" autocomplete=\"email\" \/><\/div><\/div><div id=\"phone-1\" class=\"forminator-field-phone forminator-col forminator-col-6 \"><div class=\"forminator-field\"><label for=\"forminator-field-phone-1_69d6869959b05\" id=\"forminator-field-phone-1_69d6869959b05-label\" class=\"forminator-label\">T\u00e9l\u00e9phone<\/label><input type=\"text\" name=\"phone-1\" value=\"\" placeholder=\"\" id=\"forminator-field-phone-1_69d6869959b05\" class=\"forminator-input forminator-field--phone\" data-required=\"\" aria-required=\"false\" autocomplete=\"off\" \/><\/div><\/div><\/div><div class=\"forminator-row\"><div id=\"select-1\" class=\"forminator-field-select forminator-col forminator-col-12 \"><div class=\"forminator-field\"><label for=\"forminator-form-253__field--select-1_69d6869959b05\" id=\"forminator-form-253__field--select-1_69d6869959b05-label\" class=\"forminator-label\">Votre demande concerne : <span class=\"forminator-required\">*<\/span><\/label><select  id=\"forminator-form-253__field--select-1_69d6869959b05\" class=\"forminator-select--field forminator-select2 forminator-select2-multiple\" data-required=\"1\" name=\"select-1\" data-default-value=\"one\" data-hidden-behavior=\"zero\" data-placeholder=\"Choisissez la source de vos probl\u00e8mes\" data-search=\"false\" data-search-placeholder=\"Choisissez la source de vos probl\u00e8mes\" data-checkbox=\"false\" data-allow-clear=\"false\" aria-labelledby=\"forminator-form-253__field--select-1_69d6869959b05-label\"><option value=\"\"  >Choisissez la source de vos probl\u00e8mes<\/option><option value=\"one\" selected=\"selected\" data-calculation=\"0\">Formation continue<\/option><option value=\"two\"  data-calculation=\"0\">Apprentissage<\/option><option value=\"Entreprise\"  data-calculation=\"0\">Entreprise<\/option><\/select><\/div><\/div><\/div><div class=\"forminator-row\"><div id=\"textarea-1\" class=\"forminator-field-textarea forminator-col forminator-col-12 \"><div class=\"forminator-field\"><label for=\"forminator-field-textarea-1_69d6869959b05\" id=\"forminator-field-textarea-1_69d6869959b05-label\" class=\"forminator-label\">Message<\/label><textarea name=\"textarea-1\" placeholder=\"\" id=\"forminator-field-textarea-1_69d6869959b05\" class=\"forminator-textarea\" rows=\"6\" style=\"min-height:140px;\" ><\/textarea><\/div><\/div><\/div><div class=\"forminator-row\"><div id=\"upload-1\" class=\"forminator-field-upload forminator-col forminator-col-12 \"><div class=\"forminator-field\"><div class=\"forminator-file-upload \" data-element=\"upload-1_69d6869959b05\"><input type=\"file\" name=\"upload-1\" id=\"forminator-field-upload-1_69d6869959b05\" class=\"forminator-input-file\" accept=\".jpg,.jpeg,.jpe,.gif,.png,.bmp,.tiff,.tif,.webp,.avif,.ico,.heic,.heif,.heics,.heifs,.asf,.asx,.wmv,.wmx,.wm,.avi,.divx,.flv,.mov,.qt,.mpeg,.mpg,.mpe,.mp4,.m4v,.ogv,.webm,.mkv,.3gp,.3gpp,.3g2,.3gp2,.txt,.asc,.c,.cc,.h,.srt,.csv,.tsv,.ics,.rtx,.vtt,.mp3,.m4a,.m4b,.aac,.ra,.ram,.wav,.x-wav,.ogg,.oga,.flac,.mid,.midi,.wma,.wax,.mka,.rtf,.pdf,.class,.tar,.zip,.gz,.gzip,.7z,.psd,.xcf,.doc,.pot,.pps,.ppt,.wri,.xla,.xls,.xlt,.xlw,.mdb,.mpp,.docx,.docm,.dotx,.dotm,.xlsx,.xlsm,.xlsb,.xltx,.xltm,.xlam,.pptx,.pptm,.ppsx,.ppsm,.potx,.potm,.ppam,.sldx,.sldm,.onetoc,.onetoc2,.onetmp,.onepkg,.oxps,.xps,.odt,.odp,.ods,.odg,.odc,.odb,.odf,.wp,.wpd,.key,.numbers,.pages\" tabindex=\"-1\"><button id=\"forminator-field-upload-1_69d6869959b05_button\" class=\"forminator-button forminator-button-upload\" data-id=\"forminator-field-upload-1_69d6869959b05\">Choisissez un fichier<\/button><span data-empty-text=\"Aucun fichier s\u00e9lectionn\u00e9\">Aucun fichier s\u00e9lectionn\u00e9<\/span><button class=\"forminator-button-delete\" style=\"display: none;\"><i class=\"forminator-icon-close\" aria-hidden=\"true\"><\/i><span class=\"forminator-screen-reader-only\">Supprimer le fichier t\u00e9l\u00e9vers\u00e9<\/span><\/button><\/div><\/div><\/div><\/div><div class=\"forminator-row\"><div id=\"checkbox-1\" class=\"forminator-field-checkbox forminator-col forminator-col-12 \"><div role=\"group\" class=\"forminator-field required\" aria-labelledby=\"forminator-checkbox-group-forminator-field-checkbox-1-69d6869959b05-label\"><label id=\"forminator-field-checkbox-1-1-69d6869959b05-label\" for=\"forminator-field-checkbox-1-1-69d6869959b05\" class=\"forminator-checkbox\" title=\"J&#039;accepte le traitement de mes donn\u00e9es conform\u00e9ment au RGPD\"><input type=\"checkbox\" name=\"checkbox-1[]\" value=\"two\" id=\"forminator-field-checkbox-1-1-69d6869959b05\" aria-labelledby=\"forminator-field-checkbox-1-1-69d6869959b05-label\" data-calculation=\"0\"   data-hidden-behavior=\"zero\"\/><span class=\"forminator-checkbox-box\" aria-hidden=\"true\"><\/span><span class=\"forminator-checkbox-label\">J'accepte le traitement de mes donn\u00e9es conform\u00e9ment au RGPD<\/span><\/label><\/div><\/div><\/div><input type=\"hidden\" name=\"referer_url\" value=\"\" \/><div class=\"forminator-row forminator-row-last\"><div class=\"forminator-col\"><div class=\"forminator-field\"><button class=\"forminator-button forminator-button-submit\">Envoyer ma demande<\/button><\/div><\/div><\/div><input type=\"hidden\" id=\"forminator_nonce\" name=\"forminator_nonce\" value=\"bdd25cfb9e\" \/><input type=\"hidden\" name=\"_wp_http_referer\" value=\"\/index.php\/wp-json\/wp\/v2\/pages\/177\" \/><input type=\"hidden\" name=\"form_id\" value=\"253\"><input type=\"hidden\" name=\"page_id\" value=\"177\"><input type=\"hidden\" name=\"form_type\" value=\"default\"><input type=\"hidden\" name=\"current_url\" value=\"https:\/\/sitedev.ecirtp.fr\/index.php\/contact\/\"><input type=\"hidden\" name=\"render_id\" value=\"0\"><input type=\"hidden\" name=\"action\" value=\"forminator_submit_form_custom-forms\"><\/form><\/div>\n<\/div>\n<\/div>\n<\/div>\n<\/div>\n\n\n\n<div class=\"wp-block-column col-equal is-layout-flow wp-block-column-is-layout-flow\" style=\"box-shadow:none\">\n<div class=\"wp-block-group col-equal map-row has-border-color has-contrast-3-border-color has-base-2-color has-base-2-background-color has-text-color has-background has-link-color wp-elements-6772174ea75df48ae05423632dad77f2 is-content-justification-center is-nowrap is-layout-flex wp-container-core-group-is-layout-82d73891 wp-block-group-is-layout-flex\" style=\"border-width:1px;border-top-left-radius:15px;border-top-right-radius:15px;border-bottom-left-radius:15px;border-bottom-right-radius:15px;margin-top:0;margin-bottom:0;padding-top:var(--wp--preset--spacing--10);padding-right:var(--wp--preset--spacing--10);padding-bottom:var(--wp--preset--spacing--10);padding-left:var(--wp--preset--spacing--10);box-shadow:var(--wp--preset--shadow--natural)\">\n<div class=\"wp-block-group is-vertical is-content-justification-center is-layout-flex wp-container-core-group-is-layout-c9e688bc wp-block-group-is-layout-flex\" style=\"border-style:none;border-width:0px;min-height:0px;margin-top:var(--wp--preset--spacing--10);margin-bottom:var(--wp--preset--spacing--10);padding-top:0;padding-right:var(--wp--preset--spacing--10);padding-bottom:0;padding-left:var(--wp--preset--spacing--10)\">\n<div class=\"wp-block-group has-contrast-color has-text-color has-link-color wp-elements-0b668bdb7f2cac706a966d61a3e12478 has-global-padding is-layout-constrained wp-block-group-is-layout-constrained\">\n<div class=\"wp-block-columns is-layout-flex wp-container-core-columns-is-layout-28f84493 wp-block-columns-is-layout-flex\">\n<div class=\"wp-block-column is-layout-flow wp-block-column-is-layout-flow\" style=\"flex-basis:100%\">\n<h3 data-start=\"3259\" data-end=\"3290\"><strong data-start=\"3263\" data-end=\"3290\">Informations de contact<\/strong><\/h3>\n<p data-start=\"3292\" data-end=\"3326\"><strong data-start=\"3292\" data-end=\"3307\">T\u00e9l\u00e9phone :<\/strong><br data-start=\"3307\" data-end=\"3310\" \/>0490594205<\/p>\n<p data-start=\"3328\" data-end=\"3363\"><strong data-start=\"3328\" data-end=\"3340\">E-mail :<\/strong><br data-start=\"3340\" data-end=\"3343\" \/><a class=\"decorated-link cursor-pointer\" rel=\"noopener\" data-start=\"3343\" data-end=\"3361\">contact@ecirtp.fr<\/a><\/p>\n<p data-start=\"3365\" data-end=\"3443\"><strong data-start=\"3365\" data-end=\"3378\">Adresse :<\/strong><br data-start=\"3378\" data-end=\"3381\" \/>Pont Royal Sud, 552 route du Gros Mourre, 13370 Mallemort<br data-start=\"3432\" data-end=\"3435\" \/>France<\/p>\n<\/div>\n<\/div>\n<\/div>\n\n\n\n<div class=\"wp-block-buttons is-content-justification-left is-layout-flex wp-container-core-buttons-is-layout-0373423a wp-block-buttons-is-layout-flex\">\n<div class=\"wp-block-button has-custom-width wp-block-button__width-100 is-style-outline is-style-outline--1\"><a class=\"wp-block-button__link has-text-color has-link-color has-small-font-size has-text-align-left has-custom-font-size wp-element-button\" href=\"https:\/\/sitedev.ecirtp.fr\/index.php\/recrutement\/\" style=\"border-width:2px;border-top-left-radius:25px;border-top-right-radius:25px;border-bottom-left-radius:25px;border-bottom-right-radius:25px;color:#13518a;padding-top:0.7rem;padding-right:var(--wp--preset--spacing--30);padding-bottom:0.7rem;padding-left:var(--wp--preset--spacing--30)\">Recrutement<\/a><\/div>\n<\/div>\n<\/div>\n\n\n\n<iframe src=\"https:\/\/www.google.com\/maps\/embed?pb=!1m18!1m12!1m3!1d2884.0388029470196!2d5.185251912327717!3d43.709742670978926!2m3!1f0!2f0!3f0!3m2!1i1024!2i768!4f13.1!3m3!1m2!1s0x12ca039f5ed86ce9%3A0x9fdf68cf4b4e4a90!2sEcir%20Formation!5e0!3m2!1sfr!2sfr!4v1765354887457!5m2!1sfr!2sfr\"\nclass=\"map-frame\" style=\"border:0;\" allowfullscreen=\"\" loading=\"lazy\" referrerpolicy=\"no-referrer-when-downgrade\"><\/iframe>\n<\/div>\n<\/div>\n<\/div>\n\n\n\n<p><\/p>\n","protected":false},"excerpt":{"rendered":"<p>Contactez Nous Nous vous r\u00e9pondrons rapidement&nbsp; Informations de contact T\u00e9l\u00e9phone :0490594205 E-mail :contact@ecirtp.fr Adresse :Pont Royal Sud, 552 route du Gros Mourre, 13370 MallemortFrance<\/p>\n","protected":false},"author":2,"featured_media":0,"parent":0,"menu_order":0,"comment_status":"closed","ping_status":"closed","template":"","meta":{"_acf_changed":false,"_uag_custom_page_level_css":"","footnotes":""},"class_list":["post-177","page","type-page","status-publish","hentry"],"acf":[],"uagb_featured_image_src":{"full":false,"thumbnail":false,"medium":false,"medium_large":false,"large":false,"1536x1536":false,"2048x2048":false},"uagb_author_info":{"display_name":"Xavier Trouche","author_link":"https:\/\/sitedev.ecirtp.fr\/index.php\/author\/xavier-trouche\/"},"uagb_comment_info":0,"uagb_excerpt":"Contactez Nous Nous vous r\u00e9pondrons rapidement&nbsp; Informations de contact T\u00e9l\u00e9phone :0490594205 E-mail :contact@ecirtp.fr Adresse :Pont Royal Sud, 552 route du Gros Mourre, 13370 MallemortFrance","_links":{"self":[{"href":"https:\/\/sitedev.ecirtp.fr\/index.php\/wp-json\/wp\/v2\/pages\/177","targetHints":{"allow":["GET"]}}],"collection":[{"href":"https:\/\/sitedev.ecirtp.fr\/index.php\/wp-json\/wp\/v2\/pages"}],"about":[{"href":"https:\/\/sitedev.ecirtp.fr\/index.php\/wp-json\/wp\/v2\/types\/page"}],"author":[{"embeddable":true,"href":"https:\/\/sitedev.ecirtp.fr\/index.php\/wp-json\/wp\/v2\/users\/2"}],"replies":[{"embeddable":true,"href":"https:\/\/sitedev.ecirtp.fr\/index.php\/wp-json\/wp\/v2\/comments?post=177"}],"version-history":[{"count":79,"href":"https:\/\/sitedev.ecirtp.fr\/index.php\/wp-json\/wp\/v2\/pages\/177\/revisions"}],"predecessor-version":[{"id":726,"href":"https:\/\/sitedev.ecirtp.fr\/index.php\/wp-json\/wp\/v2\/pages\/177\/revisions\/726"}],"wp:attachment":[{"href":"https:\/\/sitedev.ecirtp.fr\/index.php\/wp-json\/wp\/v2\/media?parent=177"}],"curies":[{"name":"wp","href":"https:\/\/api.w.org\/{rel}","templated":true}]}}